{"id":14,"date":"2015-09-03T22:13:27","date_gmt":"2015-09-03T20:13:27","guid":{"rendered":"http:\/\/kita.riedberggemeinde.de\/?page_id=14"},"modified":"2025-10-20T13:04:19","modified_gmt":"2025-10-20T11:04:19","slug":"einrichtung","status":"publish","type":"page","link":"https:\/\/riedberggemeinde.de\/kita\/einrichtung\/","title":{"rendered":"Einrichtung"},"content":{"rendered":"\n<div class=\"wp-block-group has-background\" style=\"background-color:#ffffff\"><div class=\"wp-block-group__inner-container is-layout-flow wp-block-group-is-layout-flow\">\n<div class=\"wp-block-columns is-layout-flex wp-container-core-columns-is-layout-1 wp-block-columns-is-layout-flex\">\n<div class=\"wp-block-column is-layout-flow wp-block-column-is-layout-flow\" style=\"flex-basis:66.66%\">\n<p>Die Kita bietet Platz f\u00fcr 82 Kinder von zehn Monaten bis sechs Jahren: 40 Kinder werden in unserer Krabbelstube in vier Gruppen betreut. 42 Kinder haben Platz im Kindergarten.\u00a0Wir bieten t\u00e4glich frisch in unserer K\u00fcche zubereitete Biokost an. Ge\u00f6ffnet hat die Einrichtung von 8:00 Uhr bis 16:00 Uhr (27 Schlie\u00dftage im Jahr).<\/p>\n<\/div>\n\n\n\n<div class=\"wp-block-column is-layout-flow wp-block-column-is-layout-flow\" style=\"flex-basis:33.33%\"><div class=\"wp-block-image\">\n<figure class=\"aligncenter is-resized\"><img loading=\"lazy\" decoding=\"async\" width=\"1000\" height=\"650\" src=\"https:\/\/riedberggemeinde.de\/kita\/wp-content\/uploads\/2016\/04\/PA238208-flur-kaefer.jpg\" alt=\"\" class=\"wp-image-248\" style=\"width:250px;height:163px\" srcset=\"https:\/\/riedberggemeinde.de\/kita\/wp-content\/uploads\/2016\/04\/PA238208-flur-kaefer.jpg 1000w, https:\/\/riedberggemeinde.de\/kita\/wp-content\/uploads\/2016\/04\/PA238208-flur-kaefer-300x195.jpg 300w, https:\/\/riedberggemeinde.de\/kita\/wp-content\/uploads\/2016\/04\/PA238208-flur-kaefer-768x499.jpg 768w, https:\/\/riedberggemeinde.de\/kita\/wp-content\/uploads\/2016\/04\/PA238208-flur-kaefer-100x65.jpg 100w, https:\/\/riedberggemeinde.de\/kita\/wp-content\/uploads\/2016\/04\/PA238208-flur-kaefer-150x98.jpg 150w, https:\/\/riedberggemeinde.de\/kita\/wp-content\/uploads\/2016\/04\/PA238208-flur-kaefer-200x130.jpg 200w, https:\/\/riedberggemeinde.de\/kita\/wp-content\/uploads\/2016\/04\/PA238208-flur-kaefer-450x293.jpg 450w, https:\/\/riedberggemeinde.de\/kita\/wp-content\/uploads\/2016\/04\/PA238208-flur-kaefer-600x390.jpg 600w, https:\/\/riedberggemeinde.de\/kita\/wp-content\/uploads\/2016\/04\/PA238208-flur-kaefer-900x585.jpg 900w\" sizes=\"auto, (max-width: 1000px) 100vw, 1000px\" \/><figcaption class=\"wp-element-caption\">Flurbereich K\u00e4fergruppe<\/figcaption><\/figure><\/div><\/div>\n<\/div>\n\n\n\n<p>Es gibt zwei verschiedene Platzangebote:<\/p>\n\n\n\n<ul class=\"wp-block-list\">\n<li>Krabbelstube: Ganztag + Teilzeit <\/li>\n\n\n\n<li>Kindergarten: Ganztag<\/li>\n<\/ul>\n<\/div><\/div>\n\n\n\n<div class=\"wp-block-group has-background\" style=\"background-color:#ffffff\"><div class=\"wp-block-group__inner-container is-layout-flow wp-block-group-is-layout-flow\">\n<h4 class=\"wp-block-heading\" id=\"angebote-in-der-krabbelstube\">Angebote in der Krabbelstube:<\/h4>\n\n\n\n<ul class=\"wp-block-list\">\n<li>Ausfl\u00fcge in die Umgebung<\/li>\n\n\n\n<li>Musikalische Fr\u00fcherziehung<\/li>\n\n\n\n<li>Bewegungserziehung<\/li>\n\n\n\n<li>Situationsorientierte Projekte (z.B. Kunst- und Wasserprojekte, B\u00fccherei, Sinneserfahrungen)<\/li>\n\n\n\n<li>Bereichs\u00fcbergreifendes Arbeiten (Krabbelstube\/Kindergarten)<\/li>\n<\/ul>\n<\/div><\/div>\n\n\n\n<div class=\"wp-block-group has-background\" style=\"background-color:#ffffff\"><div class=\"wp-block-group__inner-container is-layout-flow wp-block-group-is-layout-flow\">\n<h4 class=\"wp-block-heading\" id=\"angebote-im-kindergarten\">Angebote im Kindergarten:<\/h4>\n\n\n\n<div class=\"wp-block-columns is-layout-flex wp-container-core-columns-is-layout-2 wp-block-columns-is-layout-flex\">\n<div class=\"wp-block-column is-layout-flow wp-block-column-is-layout-flow\" style=\"flex-basis:66.66%\">\n<ul class=\"wp-block-list\">\n<li>Situationsorientierte Projekte (z.B. Koch AG ,&nbsp;<a href=\"https:\/\/www.alteoper.de\/de\/programm\/pegasus\/detail.php?id=511702864\" target=\"_blank\" rel=\"noreferrer noopener\">Rabauken und Trompeten<\/a>, Museumsbesuche)<\/li>\n\n\n\n<li>Musikalische Fr\u00fcherziehung<\/li>\n\n\n\n<li>Zahngesundheit und gesunde Woche<\/li>\n\n\n\n<li>Vorschularbeit<\/li>\n\n\n\n<li>Naturerlebniswoche<\/li>\n\n\n\n<li>Kinderb\u00fccherei<\/li>\n\n\n\n<li>Monatlicher Kita-Gottesdienst<\/li>\n<\/ul>\n<\/div>\n\n\n\n<div class=\"wp-block-column is-layout-flow wp-block-column-is-layout-flow\" style=\"flex-basis:33.33%\"><div class=\"wp-block-image\">\n<figure class=\"aligncenter size-large is-resized\"><img loading=\"lazy\" decoding=\"async\" width=\"1000\" height=\"650\" src=\"https:\/\/riedberggemeinde.de\/kita\/wp-content\/uploads\/2016\/04\/bauraum-4.jpg\" alt=\"\" class=\"wp-image-218\" style=\"width:250px;height:163px\" srcset=\"https:\/\/riedberggemeinde.de\/kita\/wp-content\/uploads\/2016\/04\/bauraum-4.jpg 1000w, https:\/\/riedberggemeinde.de\/kita\/wp-content\/uploads\/2016\/04\/bauraum-4-300x195.jpg 300w, https:\/\/riedberggemeinde.de\/kita\/wp-content\/uploads\/2016\/04\/bauraum-4-768x499.jpg 768w, https:\/\/riedberggemeinde.de\/kita\/wp-content\/uploads\/2016\/04\/bauraum-4-100x65.jpg 100w, https:\/\/riedberggemeinde.de\/kita\/wp-content\/uploads\/2016\/04\/bauraum-4-150x98.jpg 150w, https:\/\/riedberggemeinde.de\/kita\/wp-content\/uploads\/2016\/04\/bauraum-4-200x130.jpg 200w, https:\/\/riedberggemeinde.de\/kita\/wp-content\/uploads\/2016\/04\/bauraum-4-450x293.jpg 450w, https:\/\/riedberggemeinde.de\/kita\/wp-content\/uploads\/2016\/04\/bauraum-4-600x390.jpg 600w, https:\/\/riedberggemeinde.de\/kita\/wp-content\/uploads\/2016\/04\/bauraum-4-900x585.jpg 900w\" sizes=\"auto, (max-width: 1000px) 100vw, 1000px\" \/><figcaption class=\"wp-element-caption\">Unser Bauraum<\/figcaption><\/figure><\/div><\/div>\n<\/div>\n<\/div><\/div>\n\n\n\n<p class=\"has-background\" style=\"background-color:#ffffff\">Alle wichtigen Informationen \u00fcber unsere Kita haben wir auch in einem&nbsp;<a href=\"https:\/\/riedberggemeinde.de\/kita\/?attachment_id=385\" target=\"_blank\" rel=\"noreferrer noopener\">Flyer<\/a> zusammengestellt.<\/p>\n","protected":false},"excerpt":{"rendered":"<p>Die Kita bietet Platz f\u00fcr 82 Kinder von zehn Monaten bis sechs Jahren: 40 Kinder werden in unserer Krabbelstube in vier Gruppen betreut. 42 Kinder haben Platz im Kindergarten.\u00a0Wir bieten t\u00e4glich frisch in unserer K\u00fcche zubereitete Biokost an. Ge\u00f6ffnet hat die Einrichtung von 8:00 Uhr bis 16:00 Uhr (27 Schlie\u00dftage im Jahr). Es gibt zwei verschiedene Platzangebote: Angebote in der Krabbelstube: Angebote im Kindergarten: Alle wichtigen Informationen \u00fcber unsere Kita haben wir auch in einem&nbsp;Flyer zusammengestellt.<\/p>\n","protected":false},"author":5,"featured_media":0,"parent":0,"menu_order":0,"comment_status":"closed","ping_status":"closed","template":"","meta":{"_uag_custom_page_level_css":"","footnotes":""},"class_list":["post-14","page","type-page","status-publish","hentry"],"uagb_featured_image_src":{"full":false,"thumbnail":false,"medium":false,"medium_large":false,"large":false,"1536x1536":false,"2048x2048":false,"bard-slider-grid-thumbnail":false,"bard-full-thumbnail":false,"bard-grid-thumbnail":false,"bard-list-thumbnail":false,"bard-single-navigation":false},"uagb_author_info":{"display_name":"ev. KiTa der Riedberggemeinde","author_link":"https:\/\/riedberggemeinde.de\/kita\/author\/ev-kita-der-riedberggemeinde\/"},"uagb_comment_info":0,"uagb_excerpt":"Die Kita bietet Platz f\u00fcr 82 Kinder von zehn Monaten bis sechs Jahren: 40 Kinder werden in unserer Krabbelstube in vier Gruppen betreut. 42 Kinder haben Platz im Kindergarten.\u00a0Wir bieten t\u00e4glich frisch in unserer K\u00fcche zubereitete Biokost an. Ge\u00f6ffnet hat die Einrichtung von 8:00 Uhr bis 16:00 Uhr (27 Schlie\u00dftage im Jahr). Es gibt zwei&hellip;","acf":[],"_links":{"self":[{"href":"https:\/\/riedberggemeinde.de\/kita\/wp-json\/wp\/v2\/pages\/14","targetHints":{"allow":["GET"]}}],"collection":[{"href":"https:\/\/riedberggemeinde.de\/kita\/wp-json\/wp\/v2\/pages"}],"about":[{"href":"https:\/\/riedberggemeinde.de\/kita\/wp-json\/wp\/v2\/types\/page"}],"author":[{"embeddable":true,"href":"https:\/\/riedberggemeinde.de\/kita\/wp-json\/wp\/v2\/users\/5"}],"replies":[{"embeddable":true,"href":"https:\/\/riedberggemeinde.de\/kita\/wp-json\/wp\/v2\/comments?post=14"}],"version-history":[{"count":21,"href":"https:\/\/riedberggemeinde.de\/kita\/wp-json\/wp\/v2\/pages\/14\/revisions"}],"predecessor-version":[{"id":3355,"href":"https:\/\/riedberggemeinde.de\/kita\/wp-json\/wp\/v2\/pages\/14\/revisions\/3355"}],"wp:attachment":[{"href":"https:\/\/riedberggemeinde.de\/kita\/wp-json\/wp\/v2\/media?parent=14"}],"curies":[{"name":"wp","href":"https:\/\/api.w.org\/{rel}","templated":true}]}}