{"id":16,"date":"2015-09-03T22:14:01","date_gmt":"2015-09-03T20:14:01","guid":{"rendered":"http:\/\/kita.riedberggemeinde.de\/?page_id=16"},"modified":"2023-04-17T08:32:47","modified_gmt":"2023-04-17T06:32:47","slug":"konzept","status":"publish","type":"page","link":"https:\/\/riedberggemeinde.de\/kita\/konzept\/","title":{"rendered":"Konzept"},"content":{"rendered":"\n<div class=\"wp-block-group has-background\" style=\"background-color:#ffffff\"><div class=\"wp-block-group__inner-container is-layout-flow wp-block-group-is-layout-flow\">\n<p class=\"has-regular-font-size\">Christliche Werte und der christliche Glaube bilden die Grundlage unserer Arbeit. Dies geschieht durch unsere wertsch\u00e4tzende Einstellung gegen\u00fcber dem Kind und seiner Familie. Durch Gebete, Lieder, dem Erz\u00e4hlen von biblischen Geschichten und dem Feiern von christlichen Festen und Gottesdiensten wollen wir den Kindern Gott und den Glauben n\u00e4herbringen.<\/p>\n\n\n\n<p class=\"has-regular-font-size\">Wie arbeitet die Kita? Welches Konzept und Leitbild wird verfolgt? Wie verbringen wir den Tag? Diese und weitere Fragen beantworten wir Ihnen hier. Sie k\u00f6nnen unser\u00a0<a href=\"https:\/\/riedberggemeinde.de\/kita\/?page_id=49\">Leitbild<\/a> abrufen, zudem haben wir Informationen \u00fcber das\u00a0<a href=\"https:\/\/riedberggemeinde.de\/kita\/?page_id=51\">religionsp\u00e4dagogische<\/a>\u00a0und das\u00a0<a href=\"https:\/\/riedberggemeinde.de\/kita\/?page_id=53\">p\u00e4dagogische Konzept<\/a>\u00a0zusammengestellt. Au\u00dferdem geben wir Ihnen einen Einblick in den Tagesablauf unserer Gruppen (<a href=\"https:\/\/riedberggemeinde.de\/kita\/?page_id=55\">Krabbelstube<\/a>\u00a0und\u00a0<a href=\"https:\/\/riedberggemeinde.de\/kita\/?page_id=57\">Kindergarten<\/a>).<\/p>\n<\/div><\/div>\n","protected":false},"excerpt":{"rendered":"<p>Christliche Werte und der christliche Glaube bilden die Grundlage unserer Arbeit. Dies geschieht durch unsere wertsch\u00e4tzende Einstellung gegen\u00fcber dem Kind und seiner Familie. Durch Gebete, Lieder, dem Erz\u00e4hlen von biblischen Geschichten und dem Feiern von christlichen Festen und Gottesdiensten wollen wir den Kindern Gott und den Glauben n\u00e4herbringen. Wie arbeitet die Kita? Welches Konzept und Leitbild wird verfolgt? Wie verbringen wir den Tag? Diese und weitere Fragen beantworten wir Ihnen hier. Sie k\u00f6nnen unser\u00a0Leitbild abrufen, zudem haben wir Informationen \u00fcber das\u00a0religionsp\u00e4dagogische\u00a0und das\u00a0p\u00e4dagogische Konzept\u00a0zusammengestellt. Au\u00dferdem geben wir Ihnen einen Einblick in den Tagesablauf unserer Gruppen (Krabbelstube\u00a0und\u00a0Kindergarten).<\/p>\n","protected":false},"author":5,"featured_media":0,"parent":0,"menu_order":0,"comment_status":"closed","ping_status":"closed","template":"","meta":{"_uag_custom_page_level_css":"","footnotes":""},"class_list":["post-16","page","type-page","status-publish","hentry"],"uagb_featured_image_src":{"full":false,"thumbnail":false,"medium":false,"medium_large":false,"large":false,"1536x1536":false,"2048x2048":false,"bard-slider-grid-thumbnail":false,"bard-full-thumbnail":false,"bard-grid-thumbnail":false,"bard-list-thumbnail":false,"bard-single-navigation":false},"uagb_author_info":{"display_name":"ev. KiTa der Riedberggemeinde","author_link":"https:\/\/riedberggemeinde.de\/kita\/author\/ev-kita-der-riedberggemeinde\/"},"uagb_comment_info":0,"uagb_excerpt":"Christliche Werte und der christliche Glaube bilden die Grundlage unserer Arbeit. Dies geschieht durch unsere wertsch\u00e4tzende Einstellung gegen\u00fcber dem Kind und seiner Familie. Durch Gebete, Lieder, dem Erz\u00e4hlen von biblischen Geschichten und dem Feiern von christlichen Festen und Gottesdiensten wollen wir den Kindern Gott und den Glauben n\u00e4herbringen. Wie arbeitet die Kita? Welches Konzept und&hellip;","acf":[],"_links":{"self":[{"href":"https:\/\/riedberggemeinde.de\/kita\/wp-json\/wp\/v2\/pages\/16","targetHints":{"allow":["GET"]}}],"collection":[{"href":"https:\/\/riedberggemeinde.de\/kita\/wp-json\/wp\/v2\/pages"}],"about":[{"href":"https:\/\/riedberggemeinde.de\/kita\/wp-json\/wp\/v2\/types\/page"}],"author":[{"embeddable":true,"href":"https:\/\/riedberggemeinde.de\/kita\/wp-json\/wp\/v2\/users\/5"}],"replies":[{"embeddable":true,"href":"https:\/\/riedberggemeinde.de\/kita\/wp-json\/wp\/v2\/comments?post=16"}],"version-history":[{"count":9,"href":"https:\/\/riedberggemeinde.de\/kita\/wp-json\/wp\/v2\/pages\/16\/revisions"}],"predecessor-version":[{"id":3219,"href":"https:\/\/riedberggemeinde.de\/kita\/wp-json\/wp\/v2\/pages\/16\/revisions\/3219"}],"wp:attachment":[{"href":"https:\/\/riedberggemeinde.de\/kita\/wp-json\/wp\/v2\/media?parent=16"}],"curies":[{"name":"wp","href":"https:\/\/api.w.org\/{rel}","templated":true}]}}