{"id":18,"date":"2015-09-03T22:14:24","date_gmt":"2015-09-03T20:14:24","guid":{"rendered":"http:\/\/kita.riedberggemeinde.de\/?page_id=18"},"modified":"2020-03-09T08:02:10","modified_gmt":"2020-03-09T07:02:10","slug":"bilder","status":"publish","type":"page","link":"https:\/\/riedberggemeinde.de\/kita\/bilder\/","title":{"rendered":"Bilder"},"content":{"rendered":"\n<div class=\"wp-block-group has-background\" style=\"background-color:#ffffff\"><div class=\"wp-block-group__inner-container is-layout-flow wp-block-group-is-layout-flow\">\n<p>Sie m\u00f6chten sich einen Eindruck von unseren R\u00e4umllichkeiten verschaffen? Hier gew\u00e4hren wir Ihnen gerne einen Einblick in unsere Kita. Wir haben die Bilder aus unserer Einrichtung in vier Kategorien unterteilt:<\/p>\n\n\n\n<ul class=\"wp-block-list\"><li><a href=\"https:\/\/riedberggemeinde.de\/kita\/?page_id=204\">Au\u00dfengel\u00e4nde<\/a><\/li><li><a href=\"https:\/\/riedberggemeinde.de\/kita\/?page_id=230\">Kindergarten<\/a><\/li><li><a href=\"https:\/\/riedberggemeinde.de\/kita\/?page_id=255\">Krabbelstube<\/a><\/li><li><a href=\"https:\/\/riedberggemeinde.de\/kita\/?page_id=266\">Weitere R\u00e4umlichkeiten<\/a><\/li><\/ul>\n\n\n\n<p>Wenn Sie wissen wollen, wie alles begonnen hat, empfehlen wir Ihnen die Bildergalerien von der&nbsp;<a href=\"http:\/\/www.ig-riedberg.de\/index.php?option=com_content&amp;view=article&amp;id=259%3Aevangelische-kita-nimmt-betrieb-auf&amp;catid=58%3Abauprojekte&amp;Itemid=1\" target=\"_blank\" rel=\"noreferrer noopener\">Kita-Er\u00f6ffnung<\/a>&nbsp;(September 2010) und vom&nbsp;<a href=\"http:\/\/www.riedberggemeinde.de\/index.php?option=com_content&amp;view=article&amp;id=149%3Abildergalerie-kita-einweihung&amp;catid=34%3Abeitraege&amp;Itemid=1\" target=\"_blank\" rel=\"noreferrer noopener\">Einweihungsgottesdienst der Kita<\/a>&nbsp;(Juni 2011).<\/p>\n<\/div><\/div>\n\n\n\n<p><\/p>\n","protected":false},"excerpt":{"rendered":"<p>Sie m\u00f6chten sich einen Eindruck von unseren R\u00e4umllichkeiten verschaffen? Hier gew\u00e4hren wir Ihnen gerne einen Einblick in unsere Kita. Wir haben die Bilder aus unserer Einrichtung in vier Kategorien unterteilt: Au\u00dfengel\u00e4nde Kindergarten Krabbelstube Weitere R\u00e4umlichkeiten Wenn Sie wissen wollen, wie alles begonnen hat, empfehlen wir Ihnen die Bildergalerien von der&nbsp;Kita-Er\u00f6ffnung&nbsp;(September 2010) und vom&nbsp;Einweihungsgottesdienst der Kita&nbsp;(Juni 2011).<\/p>\n","protected":false},"author":5,"featured_media":0,"parent":0,"menu_order":0,"comment_status":"closed","ping_status":"closed","template":"","meta":{"_uag_custom_page_level_css":"","footnotes":""},"class_list":["post-18","page","type-page","status-publish","hentry"],"uagb_featured_image_src":{"full":false,"thumbnail":false,"medium":false,"medium_large":false,"large":false,"1536x1536":false,"2048x2048":false,"bard-slider-grid-thumbnail":false,"bard-full-thumbnail":false,"bard-grid-thumbnail":false,"bard-list-thumbnail":false,"bard-single-navigation":false},"uagb_author_info":{"display_name":"ev. KiTa der Riedberggemeinde","author_link":"https:\/\/riedberggemeinde.de\/kita\/author\/ev-kita-der-riedberggemeinde\/"},"uagb_comment_info":0,"uagb_excerpt":"Sie m\u00f6chten sich einen Eindruck von unseren R\u00e4umllichkeiten verschaffen? Hier gew\u00e4hren wir Ihnen gerne einen Einblick in unsere Kita. Wir haben die Bilder aus unserer Einrichtung in vier Kategorien unterteilt: Au\u00dfengel\u00e4nde Kindergarten Krabbelstube Weitere R\u00e4umlichkeiten Wenn Sie wissen wollen, wie alles begonnen hat, empfehlen wir Ihnen die Bildergalerien von der&nbsp;Kita-Er\u00f6ffnung&nbsp;(September 2010) und vom&nbsp;Einweihungsgottesdienst der Kita&nbsp;(Juni&hellip;","acf":[],"_links":{"self":[{"href":"https:\/\/riedberggemeinde.de\/kita\/wp-json\/wp\/v2\/pages\/18","targetHints":{"allow":["GET"]}}],"collection":[{"href":"https:\/\/riedberggemeinde.de\/kita\/wp-json\/wp\/v2\/pages"}],"about":[{"href":"https:\/\/riedberggemeinde.de\/kita\/wp-json\/wp\/v2\/types\/page"}],"author":[{"embeddable":true,"href":"https:\/\/riedberggemeinde.de\/kita\/wp-json\/wp\/v2\/users\/5"}],"replies":[{"embeddable":true,"href":"https:\/\/riedberggemeinde.de\/kita\/wp-json\/wp\/v2\/comments?post=18"}],"version-history":[{"count":27,"href":"https:\/\/riedberggemeinde.de\/kita\/wp-json\/wp\/v2\/pages\/18\/revisions"}],"predecessor-version":[{"id":2141,"href":"https:\/\/riedberggemeinde.de\/kita\/wp-json\/wp\/v2\/pages\/18\/revisions\/2141"}],"wp:attachment":[{"href":"https:\/\/riedberggemeinde.de\/kita\/wp-json\/wp\/v2\/media?parent=18"}],"curies":[{"name":"wp","href":"https:\/\/api.w.org\/{rel}","templated":true}]}}