{"id":2993,"date":"2022-02-10T09:46:35","date_gmt":"2022-02-10T08:46:35","guid":{"rendered":"https:\/\/riedberggemeinde.de\/kita\/?page_id=2993"},"modified":"2025-01-22T13:40:26","modified_gmt":"2025-01-22T12:40:26","slug":"schatzsuche","status":"publish","type":"page","link":"https:\/\/riedberggemeinde.de\/kita\/schatzsuche\/","title":{"rendered":"Elternprogramm Schatzsuche"},"content":{"rendered":"<div class=\"wp-block-image\">\n<figure class=\"alignleft size-full\"><a href=\"https:\/\/riedberggemeinde.de\/kita\/wp-content\/uploads\/2021\/03\/HAG_Siegel_Hessen_web_236.png\"><img loading=\"lazy\" decoding=\"async\" width=\"236\" height=\"186\" src=\"https:\/\/riedberggemeinde.de\/kita\/wp-content\/uploads\/2021\/03\/HAG_Siegel_Hessen_web_236.png\" alt=\"\" class=\"wp-image-2747\"\/><\/a><\/figure><\/div>\n\n\n<p>Bei uns in der Kita Riedberg\u00a0gibt es\u00a0das\u00a0Elternprogramm \u201e<strong>Schatzsuche<\/strong><strong>\u201c<\/strong><strong>.<\/strong>\u00a0Sie k\u00f6nnen sich\u00a0diese Veranstaltungen wie ein Elternkaffee\u00a0vorstellen, wobei\u00a0Eltern freiwillig daran teilnehmen, um sich gegenseitig auszutauschen, und\u00a0mehr \u00fcber fachliche Themen zu erfahren. Dies soll Sie darin unterst\u00fctzen auf die W\u00fcnsche ihrer Kinder\u00a0noch\u00a0angemessener\u00a0einzugehen. An konkreten Fallbeispielen\u00a0kann w\u00e4hrend der Sitzungen\u00a0bei Bedarf\u00a0gearbeitet werden. Die h\u00f6chste Regel\u00a0bei dem gemeinsamen Zusammenkommen ist, alles ist freiwillig und keiner muss etwas tun, was er oder sie nicht m\u00f6chte.\u00a0Auf eine kreative Art\u00a0anhand einer Schatzsuche, werden die Fachkr\u00e4fte Sie durch das Programm f\u00fchren, sodass sie Spa\u00df an der Sache haben.\u00a0\u00a0<\/p>\n\n\n\n<p>Wenn Sie&nbsp;Interesse f\u00fcr dieses Programm haben, sollten Sie jedoch an allen sechs Sitzungen teilnehmen, da&nbsp;diese zusammenh\u00e4ngen.&nbsp;Die Veranstaltung ist auf maximal 12 Personen begrenzt, da es einen kleinen Raum zum Austausch bieten soll und&nbsp;die Themen&nbsp;komprimiert&nbsp;bearbeitet werden.&nbsp;&nbsp;<\/p>\n\n\n\n<p>Termine werden rechtzeitig bekannt gegeben.&nbsp;&nbsp;<\/p>\n\n\n\n<p>Falls Sie Interesse oder Fragen zu dem Programm haben, wenden Sie sich an Frau Dertwinkel\u00a0oder\u00a0Herrn\u00a0Hentschel, diese beantworten gerne Ihre Fragen.\u00a0\u00a0<\/p>\n\n\n\n<p>Weitere Informationen finden Sie auf der Webseite der Schatzsuche.&nbsp;<\/p>\n\n\n\n<p><a href=\"https:\/\/www.schatzsuche-kita.de\/index.php\" target=\"_blank\" rel=\"noreferrer noopener\">Schatzsuche &#8211; (schatzsuche-kita.de)<\/a>&nbsp;<\/p>\n\n\n\n<figure class=\"wp-block-embed is-type-wp-embed is-provider-evangelische-kita-riedberg wp-block-embed-evangelische-kita-riedberg\"><div class=\"wp-block-embed__wrapper\">\n<blockquote class=\"wp-embedded-content\" data-secret=\"x5YHbRGUM4\"><a href=\"https:\/\/riedberggemeinde.de\/kita\/elternbericht-schatzsuche\/\">Elternbericht zum Projekt Schatzsuche<\/a><\/blockquote><iframe loading=\"lazy\" class=\"wp-embedded-content\" sandbox=\"allow-scripts\" security=\"restricted\" style=\"position: absolute; visibility: hidden;\" title=\"&#8222;Elternbericht zum Projekt Schatzsuche&#8220; &#8212; Evangelische Kita Riedberg\" src=\"https:\/\/riedberggemeinde.de\/kita\/elternbericht-schatzsuche\/embed\/#?secret=q0GnOk8Ahb#?secret=x5YHbRGUM4\" data-secret=\"x5YHbRGUM4\" width=\"600\" height=\"338\" frameborder=\"0\" marginwidth=\"0\" marginheight=\"0\" scrolling=\"no\"><\/iframe>\n<\/div><\/figure>\n","protected":false},"excerpt":{"rendered":"<p>Bei uns in der Kita Riedberg\u00a0gibt es\u00a0das\u00a0Elternprogramm \u201eSchatzsuche\u201c.\u00a0Sie k\u00f6nnen sich\u00a0diese Veranstaltungen wie ein Elternkaffee\u00a0vorstellen, wobei\u00a0Eltern freiwillig daran teilnehmen, um sich gegenseitig auszutauschen, und\u00a0mehr \u00fcber fachliche Themen zu erfahren. Dies soll Sie darin unterst\u00fctzen auf die W\u00fcnsche ihrer Kinder\u00a0noch\u00a0angemessener\u00a0einzugehen. An konkreten Fallbeispielen\u00a0kann w\u00e4hrend der Sitzungen\u00a0bei Bedarf\u00a0gearbeitet werden. Die h\u00f6chste Regel\u00a0bei dem gemeinsamen Zusammenkommen ist, alles ist freiwillig und keiner muss etwas tun, was er oder sie nicht m\u00f6chte.\u00a0Auf eine kreative Art\u00a0anhand einer Schatzsuche, werden die Fachkr\u00e4fte Sie durch das Programm f\u00fchren, sodass sie Spa\u00df an der Sache haben.\u00a0\u00a0 Wenn Sie&nbsp;Interesse f\u00fcr dieses Programm haben, sollten Sie jedoch an allen sechs Sitzungen teilnehmen, da&nbsp;diese zusammenh\u00e4ngen.&nbsp;Die Veranstaltung ist auf maximal 12 Personen begrenzt, da es einen kleinen Raum zum Austausch bieten soll und&nbsp;die Themen&nbsp;komprimiert&nbsp;bearbeitet werden.&nbsp;&nbsp; Termine werden rechtzeitig bekannt gegeben.&nbsp;&nbsp; Falls Sie Interesse oder Fragen zu dem Programm haben, wenden Sie sich an Frau Dertwinkel\u00a0oder\u00a0Herrn\u00a0Hentschel, diese beantworten gerne Ihre Fragen.\u00a0\u00a0 Weitere Informationen finden Sie auf der Webseite der Schatzsuche.&nbsp; Schatzsuche &#8211; (schatzsuche-kita.de)&nbsp;<\/p>\n","protected":false},"author":5,"featured_media":0,"parent":0,"menu_order":0,"comment_status":"closed","ping_status":"closed","template":"","meta":{"_uag_custom_page_level_css":"","footnotes":""},"class_list":["post-2993","page","type-page","status-publish","hentry"],"uagb_featured_image_src":{"full":false,"thumbnail":false,"medium":false,"medium_large":false,"large":false,"1536x1536":false,"2048x2048":false,"bard-slider-grid-thumbnail":false,"bard-full-thumbnail":false,"bard-grid-thumbnail":false,"bard-list-thumbnail":false,"bard-single-navigation":false},"uagb_author_info":{"display_name":"ev. KiTa der Riedberggemeinde","author_link":"https:\/\/riedberggemeinde.de\/kita\/author\/ev-kita-der-riedberggemeinde\/"},"uagb_comment_info":0,"uagb_excerpt":"Bei uns in der Kita Riedberg\u00a0gibt es\u00a0das\u00a0Elternprogramm \u201eSchatzsuche\u201c.\u00a0Sie k\u00f6nnen sich\u00a0diese Veranstaltungen wie ein Elternkaffee\u00a0vorstellen, wobei\u00a0Eltern freiwillig daran teilnehmen, um sich gegenseitig auszutauschen, und\u00a0mehr \u00fcber fachliche Themen zu erfahren. Dies soll Sie darin unterst\u00fctzen auf die W\u00fcnsche ihrer Kinder\u00a0noch\u00a0angemessener\u00a0einzugehen. An konkreten Fallbeispielen\u00a0kann w\u00e4hrend der Sitzungen\u00a0bei Bedarf\u00a0gearbeitet werden. Die h\u00f6chste Regel\u00a0bei dem gemeinsamen Zusammenkommen ist, alles ist&hellip;","acf":[],"_links":{"self":[{"href":"https:\/\/riedberggemeinde.de\/kita\/wp-json\/wp\/v2\/pages\/2993","targetHints":{"allow":["GET"]}}],"collection":[{"href":"https:\/\/riedberggemeinde.de\/kita\/wp-json\/wp\/v2\/pages"}],"about":[{"href":"https:\/\/riedberggemeinde.de\/kita\/wp-json\/wp\/v2\/types\/page"}],"author":[{"embeddable":true,"href":"https:\/\/riedberggemeinde.de\/kita\/wp-json\/wp\/v2\/users\/5"}],"replies":[{"embeddable":true,"href":"https:\/\/riedberggemeinde.de\/kita\/wp-json\/wp\/v2\/comments?post=2993"}],"version-history":[{"count":8,"href":"https:\/\/riedberggemeinde.de\/kita\/wp-json\/wp\/v2\/pages\/2993\/revisions"}],"predecessor-version":[{"id":3290,"href":"https:\/\/riedberggemeinde.de\/kita\/wp-json\/wp\/v2\/pages\/2993\/revisions\/3290"}],"wp:attachment":[{"href":"https:\/\/riedberggemeinde.de\/kita\/wp-json\/wp\/v2\/media?parent=2993"}],"curies":[{"name":"wp","href":"https:\/\/api.w.org\/{rel}","templated":true}]}}