{"id":3093,"date":"2022-02-18T15:43:39","date_gmt":"2022-02-18T14:43:39","guid":{"rendered":"https:\/\/riedberggemeinde.de\/kita\/?page_id=3093"},"modified":"2022-03-23T14:31:04","modified_gmt":"2022-03-23T13:31:04","slug":"kita-app","status":"publish","type":"page","link":"https:\/\/riedberggemeinde.de\/kita\/kita-app\/","title":{"rendered":"KiTa-APP Nemborn"},"content":{"rendered":"\n<p>Liebe Eltern,<\/p>\n\n\n\n<div class=\"wp-block-image\"><figure class=\"alignright size-full\"><a href=\"https:\/\/riedberggemeinde.de\/kita\/wp-content\/uploads\/2022\/03\/Nemborn-Logo.png\"><img loading=\"lazy\" decoding=\"async\" width=\"222\" height=\"219\" src=\"https:\/\/riedberggemeinde.de\/kita\/wp-content\/uploads\/2022\/03\/Nemborn-Logo.png\" alt=\"\" class=\"wp-image-3122\" srcset=\"https:\/\/riedberggemeinde.de\/kita\/wp-content\/uploads\/2022\/03\/Nemborn-Logo.png 222w, https:\/\/riedberggemeinde.de\/kita\/wp-content\/uploads\/2022\/03\/Nemborn-Logo-75x75.png 75w\" sizes=\"auto, (max-width: 222px) 100vw, 222px\" \/><\/a><\/figure><\/div>\n\n\n\n<p>ab sofort sind auch unsere Elterninformationen digital!<\/p>\n\n\n\n<p>Unsere KiTa-App von Nemborn ist eine d\u00e4nische App, die auf dem deutschen Kitamarkt eingesetzt wird. Die Datenschutzrichtlinien sind gepr\u00fcft und stimmen mit der Datenschutzbestimmung in Deutschland \u00fcberein.<\/p>\n\n\n\n<p>Die App erleichtert Ihnen die Kommunikation mit der KiTa und den Fachkr\u00e4ften. Sie k\u00f6nnen uns \u00fcber die App wichtige Informationen mitteilen, z.B. ob ihr Kind sp\u00e4ter kommt, sie im Urlaub sind oder ihr Kind krank ist. Auch k\u00f6nnen sie uns Mitteilungen, die sie beim Abgeben ihres Kindes vergessen haben, im Laufe des Tages \u00fcber die App zukommen lassen. Sie k\u00f6nnen dar\u00fcber direkt mit ihrer Gruppe und den Fachkr\u00e4ften in Kontakt treten. <\/p>\n\n\n\n<p>Auch wir k\u00f6nnen \u00fcber die App Einladungen zu Gespr\u00e4chen oder Neuigkeiten und Informationen rund um den KiTa Alltag Ihres Kindes verschicken.<\/p>\n\n\n\n<p><\/p>\n","protected":false},"excerpt":{"rendered":"<p>Liebe Eltern, ab sofort sind auch unsere Elterninformationen digital! Unsere KiTa-App von Nemborn ist eine d\u00e4nische App, die auf dem deutschen Kitamarkt eingesetzt wird. Die Datenschutzrichtlinien sind gepr\u00fcft und stimmen mit der Datenschutzbestimmung in Deutschland \u00fcberein. Die App erleichtert Ihnen die Kommunikation mit der KiTa und den Fachkr\u00e4ften. Sie k\u00f6nnen uns \u00fcber die App wichtige Informationen mitteilen, z.B. ob ihr Kind sp\u00e4ter kommt, sie im Urlaub sind oder ihr Kind krank ist. Auch k\u00f6nnen sie uns Mitteilungen, die sie beim Abgeben ihres Kindes vergessen haben, im Laufe des Tages \u00fcber die App zukommen lassen. Sie k\u00f6nnen dar\u00fcber direkt mit ihrer Gruppe und den Fachkr\u00e4ften in Kontakt treten. Auch wir k\u00f6nnen \u00fcber die App Einladungen zu Gespr\u00e4chen oder Neuigkeiten und Informationen rund um den KiTa Alltag Ihres Kindes verschicken.<\/p>\n","protected":false},"author":7,"featured_media":0,"parent":0,"menu_order":0,"comment_status":"closed","ping_status":"closed","template":"","meta":{"_uag_custom_page_level_css":"","footnotes":""},"class_list":["post-3093","page","type-page","status-publish","hentry"],"uagb_featured_image_src":{"full":false,"thumbnail":false,"medium":false,"medium_large":false,"large":false,"1536x1536":false,"2048x2048":false,"bard-slider-grid-thumbnail":false,"bard-full-thumbnail":false,"bard-grid-thumbnail":false,"bard-list-thumbnail":false,"bard-single-navigation":false},"uagb_author_info":{"display_name":"KitaLeitung","author_link":"https:\/\/riedberggemeinde.de\/kita\/author\/kitaleitung\/"},"uagb_comment_info":0,"uagb_excerpt":"Liebe Eltern, ab sofort sind auch unsere Elterninformationen digital! Unsere KiTa-App von Nemborn ist eine d\u00e4nische App, die auf dem deutschen Kitamarkt eingesetzt wird. Die Datenschutzrichtlinien sind gepr\u00fcft und stimmen mit der Datenschutzbestimmung in Deutschland \u00fcberein. Die App erleichtert Ihnen die Kommunikation mit der KiTa und den Fachkr\u00e4ften. Sie k\u00f6nnen uns \u00fcber die App wichtige&hellip;","acf":[],"_links":{"self":[{"href":"https:\/\/riedberggemeinde.de\/kita\/wp-json\/wp\/v2\/pages\/3093","targetHints":{"allow":["GET"]}}],"collection":[{"href":"https:\/\/riedberggemeinde.de\/kita\/wp-json\/wp\/v2\/pages"}],"about":[{"href":"https:\/\/riedberggemeinde.de\/kita\/wp-json\/wp\/v2\/types\/page"}],"author":[{"embeddable":true,"href":"https:\/\/riedberggemeinde.de\/kita\/wp-json\/wp\/v2\/users\/7"}],"replies":[{"embeddable":true,"href":"https:\/\/riedberggemeinde.de\/kita\/wp-json\/wp\/v2\/comments?post=3093"}],"version-history":[{"count":6,"href":"https:\/\/riedberggemeinde.de\/kita\/wp-json\/wp\/v2\/pages\/3093\/revisions"}],"predecessor-version":[{"id":3133,"href":"https:\/\/riedberggemeinde.de\/kita\/wp-json\/wp\/v2\/pages\/3093\/revisions\/3133"}],"wp:attachment":[{"href":"https:\/\/riedberggemeinde.de\/kita\/wp-json\/wp\/v2\/media?parent=3093"}],"curies":[{"name":"wp","href":"https:\/\/api.w.org\/{rel}","templated":true}]}}