{"id":37,"date":"2015-09-03T22:24:11","date_gmt":"2015-09-03T20:24:11","guid":{"rendered":"http:\/\/kita.riedberggemeinde.de\/?page_id=37"},"modified":"2025-10-22T16:00:50","modified_gmt":"2025-10-22T14:00:50","slug":"anmeldung","status":"publish","type":"page","link":"https:\/\/riedberggemeinde.de\/kita\/einrichtung\/anmeldung\/","title":{"rendered":"Anmeldung"},"content":{"rendered":"\n<div class=\"wp-block-group has-background\" style=\"background-color:#ffffff\"><div class=\"wp-block-group__inner-container is-layout-flow wp-block-group-is-layout-flow\">\n<p>Die Anmeldung f\u00fcr die Krabbelstube und den Kindergarten kann nur \u00fcber die Webseite&nbsp;<a href=\"http:\/\/www.kindernetfrankfurt.de\/\" target=\"_blank\" rel=\"noreferrer noopener\">kindernetfrankfurt.de<\/a>&nbsp;erfolgen. Dort b\u00fcndelt die Stadt die Betreuungsangebote der unterschiedlichen Tr\u00e4ger \u2013 also auch unserer Kita. <\/p>\n\n\n\n<div style=\"height:10px\" aria-hidden=\"true\" class=\"wp-block-spacer\"><\/div>\n\n\n\n<p><\/p>\n\n\n\n<p>Die Beitragsh\u00f6he orientiert sich an den Vorgaben der Stadt Frankfurt und ist abh\u00e4ngig vom Familieneinkommen. Zus\u00e4tzlich erheben wir einen Beitrag f\u00fcr Essen sowie f\u00fcr Getr\u00e4nke. Bei den Krabbelstubenkindern kommt eine Pauschale f\u00fcr Pflegeprodukte hinzu (Windeln etc.).<\/p>\n<\/div><\/div>\n\n\n\n<div style=\"height:10px\" aria-hidden=\"true\" class=\"wp-block-spacer\"><\/div>\n\n\n\n<p><\/p>\n\n\n\n<div class=\"wp-block-group has-background\" style=\"background-color:#ffffff\"><div class=\"wp-block-group__inner-container is-layout-flow wp-block-group-is-layout-flow\">\n<h3 class=\"wp-block-heading\">Informationsnachmittag<\/h3>\n\n\n\n<p>Mehrmals im Jahr, haben interessierte Eltern (U3 Kinder &#8211; nicht Kindergarten) die Gelegenheit, die Einrichtung kennenzulernen. W\u00e4hrend dieser Zeit k\u00f6nnen Sie, sich mit Ihrem Kind unsere Einrichtung ansehen, sich \u00fcber unser p\u00e4dagogisches Konzept, die Betreuungszeiten sowie die Betreuungsformen informieren.<\/p>\n\n\n\n<div style=\"height:10px\" aria-hidden=\"true\" class=\"wp-block-spacer\"><\/div>\n\n\n\n<p><\/p>\n\n\n\n<h4 class=\"wp-block-heading\">Der n\u00e4chste Informationsnachmittag findet am 29.01.2026 um 16:00 Uhr statt.<\/h4>\n\n\n\n<p>Es ist keine Voranmeldung notwendig. <\/p>\n\n\n\n<div style=\"height:10px\" aria-hidden=\"true\" class=\"wp-block-spacer\"><\/div>\n\n\n\n<p><\/p>\n\n\n\n<p>Margarete-Susman-Weg 2<br>60438 Frankfurt-Riedberg<br>Telefon: 069-53053702<br>E-Mail:&nbsp;<a href=\"mailto:kita@riedberggemeinde.de\" target=\"_blank\" rel=\"noreferrer noopener\">kita.riedberg@diakonie-frankfurt-offenbach.de<\/a><\/p>\n\n\n\n<div style=\"height:10px\" aria-hidden=\"true\" class=\"wp-block-spacer\"><\/div>\n\n\n\n<p><\/p>\n\n\n\n<p>Das Kita-Team freut sich,&nbsp;Sie in der ev. Kindertagesst\u00e4tte Riedberg zu begr\u00fc\u00dfen<\/p>\n<\/div><\/div>\n","protected":false},"excerpt":{"rendered":"<p>Die Anmeldung f\u00fcr die Krabbelstube und den Kindergarten kann nur \u00fcber die Webseite&nbsp;kindernetfrankfurt.de&nbsp;erfolgen. Dort b\u00fcndelt die Stadt die Betreuungsangebote der unterschiedlichen Tr\u00e4ger \u2013 also auch unserer Kita. Die Beitragsh\u00f6he orientiert sich an den Vorgaben der Stadt Frankfurt und ist abh\u00e4ngig vom Familieneinkommen. Zus\u00e4tzlich erheben wir einen Beitrag f\u00fcr Essen sowie f\u00fcr Getr\u00e4nke. Bei den Krabbelstubenkindern kommt eine Pauschale f\u00fcr Pflegeprodukte hinzu (Windeln etc.). Informationsnachmittag Mehrmals im Jahr, haben interessierte Eltern (U3 Kinder &#8211; nicht Kindergarten) die Gelegenheit, die Einrichtung kennenzulernen. W\u00e4hrend dieser Zeit k\u00f6nnen Sie, sich mit Ihrem Kind unsere Einrichtung ansehen, sich \u00fcber unser p\u00e4dagogisches Konzept, die Betreuungszeiten sowie die Betreuungsformen informieren. Der n\u00e4chste Informationsnachmittag findet am 29.01.2026 um 16:00 Uhr statt. Es ist keine Voranmeldung notwendig. Margarete-Susman-Weg 260438 Frankfurt-RiedbergTelefon: 069-53053702E-Mail:&nbsp;kita.riedberg@diakonie-frankfurt-offenbach.de Das Kita-Team freut sich,&nbsp;Sie in der ev. Kindertagesst\u00e4tte Riedberg zu begr\u00fc\u00dfen<\/p>\n","protected":false},"author":5,"featured_media":0,"parent":14,"menu_order":0,"comment_status":"closed","ping_status":"closed","template":"","meta":{"_uag_custom_page_level_css":"","footnotes":""},"class_list":["post-37","page","type-page","status-publish","hentry"],"uagb_featured_image_src":{"full":false,"thumbnail":false,"medium":false,"medium_large":false,"large":false,"1536x1536":false,"2048x2048":false,"bard-slider-grid-thumbnail":false,"bard-full-thumbnail":false,"bard-grid-thumbnail":false,"bard-list-thumbnail":false,"bard-single-navigation":false},"uagb_author_info":{"display_name":"ev. KiTa der Riedberggemeinde","author_link":"https:\/\/riedberggemeinde.de\/kita\/author\/ev-kita-der-riedberggemeinde\/"},"uagb_comment_info":0,"uagb_excerpt":"Die Anmeldung f\u00fcr die Krabbelstube und den Kindergarten kann nur \u00fcber die Webseite&nbsp;kindernetfrankfurt.de&nbsp;erfolgen. Dort b\u00fcndelt die Stadt die Betreuungsangebote der unterschiedlichen Tr\u00e4ger \u2013 also auch unserer Kita. Die Beitragsh\u00f6he orientiert sich an den Vorgaben der Stadt Frankfurt und ist abh\u00e4ngig vom Familieneinkommen. Zus\u00e4tzlich erheben wir einen Beitrag f\u00fcr Essen sowie f\u00fcr Getr\u00e4nke. Bei den Krabbelstubenkindern&hellip;","acf":[],"_links":{"self":[{"href":"https:\/\/riedberggemeinde.de\/kita\/wp-json\/wp\/v2\/pages\/37","targetHints":{"allow":["GET"]}}],"collection":[{"href":"https:\/\/riedberggemeinde.de\/kita\/wp-json\/wp\/v2\/pages"}],"about":[{"href":"https:\/\/riedberggemeinde.de\/kita\/wp-json\/wp\/v2\/types\/page"}],"author":[{"embeddable":true,"href":"https:\/\/riedberggemeinde.de\/kita\/wp-json\/wp\/v2\/users\/5"}],"replies":[{"embeddable":true,"href":"https:\/\/riedberggemeinde.de\/kita\/wp-json\/wp\/v2\/comments?post=37"}],"version-history":[{"count":50,"href":"https:\/\/riedberggemeinde.de\/kita\/wp-json\/wp\/v2\/pages\/37\/revisions"}],"predecessor-version":[{"id":3358,"href":"https:\/\/riedberggemeinde.de\/kita\/wp-json\/wp\/v2\/pages\/37\/revisions\/3358"}],"up":[{"embeddable":true,"href":"https:\/\/riedberggemeinde.de\/kita\/wp-json\/wp\/v2\/pages\/14"}],"wp:attachment":[{"href":"https:\/\/riedberggemeinde.de\/kita\/wp-json\/wp\/v2\/media?parent=37"}],"curies":[{"name":"wp","href":"https:\/\/api.w.org\/{rel}","templated":true}]}}