{"id":39,"date":"2015-09-03T22:24:36","date_gmt":"2015-09-03T20:24:36","guid":{"rendered":"http:\/\/kita.riedberggemeinde.de\/?page_id=39"},"modified":"2025-01-22T13:52:58","modified_gmt":"2025-01-22T12:52:58","slug":"elternbeirat","status":"publish","type":"page","link":"https:\/\/riedberggemeinde.de\/kita\/einrichtung\/elternbeirat\/","title":{"rendered":"Elternbeirat"},"content":{"rendered":"\n<div class=\"wp-block-group has-background\" style=\"background-color:#ffffff\"><div class=\"wp-block-group__inner-container is-layout-flow wp-block-group-is-layout-flow\">\n<p class=\"has-regular-font-size\">Der Elternbeirat setzt sich aus gew\u00e4hlten Elternvertretern zusammen. Er trifft sich regelm\u00e4\u00dfig mit Vertretern des Tr\u00e4gers und der Kita-Leitung sowie zwei gew\u00e4hlten Kita-Teammitgliedern.<\/p>\n\n\n\n<p class=\"has-regular-font-size\">Diese Treffen dienen dem Austausch von Informationen und der gemeinsamen Planung und Gestaltung des Kita-Alltags. Hier geht es zum Beispiel um die Organisation von Festen, Projekten und Ausfl\u00fcgen. Der Elternbereit bietet Eltern die M\u00f6glichkeit, Anregungen und W\u00fcnsche einzubringen und an Entscheidungen mitzuwirken.<\/p>\n\n\n\n<p class=\"has-regular-font-size\">Wenn Sie Kontakt mit dem Elternbeirat aufnehmen wollen, wenden Sie sich bitte an die&nbsp;<a href=\"https:\/\/riedberggemeinde.de\/kita\/?page_id=35\">Kita-Leitung<\/a>.<\/p>\n<\/div><\/div>\n","protected":false},"excerpt":{"rendered":"<p>Der Elternbeirat setzt sich aus gew\u00e4hlten Elternvertretern zusammen. Er trifft sich regelm\u00e4\u00dfig mit Vertretern des Tr\u00e4gers und der Kita-Leitung sowie zwei gew\u00e4hlten Kita-Teammitgliedern. Diese Treffen dienen dem Austausch von Informationen und der gemeinsamen Planung und Gestaltung des Kita-Alltags. Hier geht es zum Beispiel um die Organisation von Festen, Projekten und Ausfl\u00fcgen. Der Elternbereit bietet Eltern die M\u00f6glichkeit, Anregungen und W\u00fcnsche einzubringen und an Entscheidungen mitzuwirken. Wenn Sie Kontakt mit dem Elternbeirat aufnehmen wollen, wenden Sie sich bitte an die&nbsp;Kita-Leitung.<\/p>\n","protected":false},"author":5,"featured_media":0,"parent":14,"menu_order":0,"comment_status":"closed","ping_status":"closed","template":"","meta":{"_uag_custom_page_level_css":"","footnotes":""},"class_list":["post-39","page","type-page","status-publish","hentry"],"uagb_featured_image_src":{"full":false,"thumbnail":false,"medium":false,"medium_large":false,"large":false,"1536x1536":false,"2048x2048":false,"bard-slider-grid-thumbnail":false,"bard-full-thumbnail":false,"bard-grid-thumbnail":false,"bard-list-thumbnail":false,"bard-single-navigation":false},"uagb_author_info":{"display_name":"ev. KiTa der Riedberggemeinde","author_link":"https:\/\/riedberggemeinde.de\/kita\/author\/ev-kita-der-riedberggemeinde\/"},"uagb_comment_info":0,"uagb_excerpt":"Der Elternbeirat setzt sich aus gew\u00e4hlten Elternvertretern zusammen. Er trifft sich regelm\u00e4\u00dfig mit Vertretern des Tr\u00e4gers und der Kita-Leitung sowie zwei gew\u00e4hlten Kita-Teammitgliedern. Diese Treffen dienen dem Austausch von Informationen und der gemeinsamen Planung und Gestaltung des Kita-Alltags. Hier geht es zum Beispiel um die Organisation von Festen, Projekten und Ausfl\u00fcgen. Der Elternbereit bietet Eltern&hellip;","acf":[],"_links":{"self":[{"href":"https:\/\/riedberggemeinde.de\/kita\/wp-json\/wp\/v2\/pages\/39","targetHints":{"allow":["GET"]}}],"collection":[{"href":"https:\/\/riedberggemeinde.de\/kita\/wp-json\/wp\/v2\/pages"}],"about":[{"href":"https:\/\/riedberggemeinde.de\/kita\/wp-json\/wp\/v2\/types\/page"}],"author":[{"embeddable":true,"href":"https:\/\/riedberggemeinde.de\/kita\/wp-json\/wp\/v2\/users\/5"}],"replies":[{"embeddable":true,"href":"https:\/\/riedberggemeinde.de\/kita\/wp-json\/wp\/v2\/comments?post=39"}],"version-history":[{"count":6,"href":"https:\/\/riedberggemeinde.de\/kita\/wp-json\/wp\/v2\/pages\/39\/revisions"}],"predecessor-version":[{"id":3294,"href":"https:\/\/riedberggemeinde.de\/kita\/wp-json\/wp\/v2\/pages\/39\/revisions\/3294"}],"up":[{"embeddable":true,"href":"https:\/\/riedberggemeinde.de\/kita\/wp-json\/wp\/v2\/pages\/14"}],"wp:attachment":[{"href":"https:\/\/riedberggemeinde.de\/kita\/wp-json\/wp\/v2\/media?parent=39"}],"curies":[{"name":"wp","href":"https:\/\/api.w.org\/{rel}","templated":true}]}}