{"id":49,"date":"2015-09-03T22:26:06","date_gmt":"2015-09-03T20:26:06","guid":{"rendered":"http:\/\/kita.riedberggemeinde.de\/?page_id=49"},"modified":"2025-09-01T12:41:11","modified_gmt":"2025-09-01T10:41:11","slug":"leitbild","status":"publish","type":"page","link":"https:\/\/riedberggemeinde.de\/kita\/konzept\/leitbild\/","title":{"rendered":"Leitbild der Kita Riedberg"},"content":{"rendered":"\n<div class=\"wp-block-group has-background\" style=\"background-color:#ffffff\"><div class=\"wp-block-group__inner-container is-layout-flow wp-block-group-is-layout-flow\"><div class=\"wp-block-image\">\n<figure class=\"alignright size-large is-resized\"><a href=\"https:\/\/riedberggemeinde.de\/kita\/wp-content\/uploads\/2022\/02\/P1010643-scaled.jpg\"><img loading=\"lazy\" decoding=\"async\" width=\"1024\" height=\"576\" src=\"https:\/\/riedberggemeinde.de\/kita\/wp-content\/uploads\/2022\/02\/P1010643-1024x576.jpg\" alt=\"\" class=\"wp-image-3038\" style=\"width:391px;height:219px\" srcset=\"https:\/\/riedberggemeinde.de\/kita\/wp-content\/uploads\/2022\/02\/P1010643-1024x576.jpg 1024w, https:\/\/riedberggemeinde.de\/kita\/wp-content\/uploads\/2022\/02\/P1010643-300x169.jpg 300w, https:\/\/riedberggemeinde.de\/kita\/wp-content\/uploads\/2022\/02\/P1010643-768x432.jpg 768w, https:\/\/riedberggemeinde.de\/kita\/wp-content\/uploads\/2022\/02\/P1010643-1536x864.jpg 1536w, https:\/\/riedberggemeinde.de\/kita\/wp-content\/uploads\/2022\/02\/P1010643-2048x1152.jpg 2048w, https:\/\/riedberggemeinde.de\/kita\/wp-content\/uploads\/2022\/02\/P1010643-1160x653.jpg 1160w\" sizes=\"auto, (max-width: 1024px) 100vw, 1024px\" \/><\/a><\/figure><\/div>\n\n\n<blockquote class=\"wp-block-quote is-layout-flow wp-block-quote-is-layout-flow\">&nbsp;\u201eDu hast Freude in mein Herz gegeben\u201c<br><\/p><cite>(Psalm 4.8)<\/cite><\/blockquote>\n\n\n\n<blockquote class=\"wp-block-quote is-layout-flow wp-block-quote-is-layout-flow\">\u201eWir wollen aufstehn, aufeinander zugehn, voneinander lernen miteinander umzugehen\u201c<br><\/p><cite>(Clemens Bittlinger)<\/cite><\/blockquote>\n\n\n\n<p>Das Miteinander in der evangelischen Kindertagesst\u00e4tte Riedberggemeinde ist gepr\u00e4gt von dem Vertrauen auf Gott und dem positiven Blick auf den Menschen. Jedes Kind ist einzigartig und willkommen. Wir wollen es ernst nehmen und in seiner Entwicklung begleiten. Im Mittelpunkt unseres Handelns steht achtsamer, respektvoller und wertsch\u00e4tzender Umgang miteinander. Dies beinhaltet die Freude an der Arbeit mit Kindern, Eltern und dem Team. Alle ErzieherInnen sind an der Entwicklung und Gestaltung der Einrichtung beteiligt.\n\n\n\n<h3 class=\"wp-block-heading\" id=\"gott-ist-uberall\">\u201eGott ist \u00fcberall\u201c<\/h3>\n\n\n\n<p>Unsere evangelische Kindertagesst\u00e4tte ist offen f\u00fcr alle Familien, unabh\u00e4ngig von Nationalit\u00e4t, Glaube und Herkunft. Kinder sollen die M\u00f6glichkeit bekommen, christliche Werte\/Rituale zu erfahren und zu erleben. In allem was wir tun, lassen wir uns davon leiten, dass Gottes Liebe f\u00fcr alle gilt. Vor Gott ist jeder Mensch einzigartig und wertvoll. In Jesus Christus hat er uns gezeigt, wie wir verantwortlich und wertsch\u00e4tzend handeln. Durch unsere religionsp\u00e4dagogische Arbeit vermitteln wir unseren Glauben und begegnen den Kindern liebevoll und respektvoll.<\/p>\n\n\n\n<h3 class=\"wp-block-heading\" id=\"verschiedenheit-ist-eine-chance\">\u201eVerschiedenheit ist eine Chance\u201c<\/h3>\n\n\n\n<p>Die Verschiedenheit aller Menschen bereichert den Alltag in der Kita. Wir schaffen eine Atmosph\u00e4re, in der jeder\/jede seine\/ihre Pers\u00f6nlichkeit einbringen und weiterentwickeln kann. Soziale Kompetenzen werden hoch eingesch\u00e4tzt und den St\u00e4rken und Schw\u00e4chen der Einzelnen wird Rechnung getragen. Wir f\u00f6rdern vorhandene F\u00e4higkeiten und sorgen f\u00fcr die n\u00f6tige Sicherheit und Geborgenheit um Kompetenzen zu erweitern.<\/p>\n\n\n\n<h3 class=\"wp-block-heading\" id=\"beziehungen-sind-die-grundlage\">\u201eBeziehungen sind die Grundlage\u201c<\/h3>\n\n\n\n<p>Die Beziehung zwischen Kind und Erzieher bildet die Grundlage unserer Arbeit, welche auf dem Hessischen Bildungsplan beruht. Dieser beinhaltet die F\u00f6rderung des Kindes im kognitiven, motorischen und sozial-emotionalen Bereich. Wir orientieren uns dabei an den Interessen der Kinder und MitarbeiterInnen und nehmen Anregungen der Eltern auf. <\/p>\n\n\n\n<p>Gro\u00dfen Wert legen wir auf die Zusammenarbeit mit den Eltern in Form von Erziehungspartnerschaften.<\/p>\n\n\n\n<p>Jede(r) Mitarbeiter\/Mitarbeiterin ist in seinem\/ihrem Wirkungskreis f\u00fcr die Qualit\u00e4t verantwortlich.&nbsp;Es ist st\u00e4ndige F\u00fchrungsaufgabe von Tr\u00e4ger und Leitung, das Qualit\u00e4tsbewusstsein auf allen Ebenen zu f\u00f6rdern.&nbsp;<\/p>\n\n\n\n<p>Zur Anwendung dieser Grunds\u00e4tze bei der t\u00e4glichen Arbeit wurden \u00fcbergeordnete Qualit\u00e4tsziele formuliert. Diese haben alle Mitarbeiter(innen) bei ihrer Einstellung von ihrer Leitungskraft erhalten.&nbsp;<\/p>\n<\/div><\/div>\n\n\n\n<hr class=\"wp-block-separator has-alpha-channel-opacity\"\/>\n\n\n\n<p>Zus\u00e4tzlich orientieren wir uns auch am <a href=\"https:\/\/www.efo-magazin.de\/kirche\/efoi\/wissenswertes\/leitbild\/\">Leitbild der Evangelischen Kirche \/ Evangelischen Regionalverband Frankfurt und Offenbach<\/a><\/p>\n\n\n\n<div class=\"wp-block-buttons is-layout-flex wp-block-buttons-is-layout-flex\"><\/div>\n","protected":false},"excerpt":{"rendered":"<p>&nbsp;\u201eDu hast Freude in mein Herz gegeben\u201c (Psalm 4.8) \u201eWir wollen aufstehn, aufeinander zugehn, voneinander lernen miteinander umzugehen\u201c (Clemens Bittlinger) Das Miteinander in der evangelischen Kindertagesst\u00e4tte Riedberggemeinde ist gepr\u00e4gt von dem Vertrauen auf Gott und dem positiven Blick auf den Menschen. Jedes Kind ist einzigartig und willkommen. Wir wollen es ernst nehmen und in seiner Entwicklung begleiten. Im Mittelpunkt unseres Handelns steht achtsamer, respektvoller und wertsch\u00e4tzender Umgang miteinander. Dies beinhaltet die Freude an der Arbeit mit Kindern, Eltern und dem Team. Alle ErzieherInnen sind an der Entwicklung und Gestaltung der Einrichtung beteiligt. \u201eGott ist \u00fcberall\u201c Unsere evangelische Kindertagesst\u00e4tte ist offen f\u00fcr alle Familien, unabh\u00e4ngig von Nationalit\u00e4t, Glaube und Herkunft. Kinder sollen die M\u00f6glichkeit bekommen, christliche Werte\/Rituale zu erfahren und zu erleben. In allem was wir tun, lassen wir uns davon leiten, dass Gottes Liebe f\u00fcr alle gilt. Vor Gott ist jeder Mensch einzigartig und wertvoll. In Jesus Christus hat er uns gezeigt, wie wir verantwortlich und wertsch\u00e4tzend handeln. Durch unsere religionsp\u00e4dagogische Arbeit vermitteln wir unseren Glauben und begegnen den Kindern liebevoll und respektvoll. \u201eVerschiedenheit ist eine Chance\u201c Die Verschiedenheit aller Menschen bereichert den Alltag in der Kita. Wir schaffen eine Atmosph\u00e4re, in der jeder\/jede seine\/ihre Pers\u00f6nlichkeit einbringen und weiterentwickeln kann. Soziale Kompetenzen werden hoch eingesch\u00e4tzt und den St\u00e4rken und Schw\u00e4chen der Einzelnen wird Rechnung getragen. Wir f\u00f6rdern vorhandene F\u00e4higkeiten und sorgen f\u00fcr die n\u00f6tige Sicherheit und Geborgenheit um Kompetenzen zu erweitern. \u201eBeziehungen sind die Grundlage\u201c Die Beziehung zwischen Kind und Erzieher bildet die Grundlage unserer Arbeit, welche auf dem Hessischen Bildungsplan beruht. Dieser beinhaltet die F\u00f6rderung des Kindes im kognitiven, motorischen und sozial-emotionalen Bereich. Wir orientieren uns dabei an den Interessen der Kinder und MitarbeiterInnen und nehmen Anregungen der Eltern auf. Gro\u00dfen Wert legen wir auf die Zusammenarbeit mit den Eltern in Form von Erziehungspartnerschaften. Jede(r) Mitarbeiter\/Mitarbeiterin ist in seinem\/ihrem Wirkungskreis f\u00fcr die Qualit\u00e4t verantwortlich.&nbsp;Es ist st\u00e4ndige F\u00fchrungsaufgabe von Tr\u00e4ger und Leitung, das Qualit\u00e4tsbewusstsein auf allen Ebenen zu f\u00f6rdern.&nbsp; Zur Anwendung dieser Grunds\u00e4tze bei der t\u00e4glichen Arbeit wurden \u00fcbergeordnete Qualit\u00e4tsziele formuliert. Diese haben alle Mitarbeiter(innen) bei ihrer Einstellung von ihrer Leitungskraft erhalten.&nbsp; Zus\u00e4tzlich orientieren wir uns auch am Leitbild der Evangelischen Kirche \/ Evangelischen Regionalverband Frankfurt und Offenbach<\/p>\n","protected":false},"author":5,"featured_media":0,"parent":16,"menu_order":0,"comment_status":"closed","ping_status":"closed","template":"","meta":{"_uag_custom_page_level_css":"","footnotes":""},"class_list":["post-49","page","type-page","status-publish","hentry"],"uagb_featured_image_src":{"full":false,"thumbnail":false,"medium":false,"medium_large":false,"large":false,"1536x1536":false,"2048x2048":false,"bard-slider-grid-thumbnail":false,"bard-full-thumbnail":false,"bard-grid-thumbnail":false,"bard-list-thumbnail":false,"bard-single-navigation":false},"uagb_author_info":{"display_name":"ev. KiTa der Riedberggemeinde","author_link":"https:\/\/riedberggemeinde.de\/kita\/author\/ev-kita-der-riedberggemeinde\/"},"uagb_comment_info":0,"uagb_excerpt":"&nbsp;\u201eDu hast Freude in mein Herz gegeben\u201c (Psalm 4.8) \u201eWir wollen aufstehn, aufeinander zugehn, voneinander lernen miteinander umzugehen\u201c (Clemens Bittlinger) Das Miteinander in der evangelischen Kindertagesst\u00e4tte Riedberggemeinde ist gepr\u00e4gt von dem Vertrauen auf Gott und dem positiven Blick auf den Menschen. Jedes Kind ist einzigartig und willkommen. Wir wollen es ernst nehmen und in seiner&hellip;","acf":[],"_links":{"self":[{"href":"https:\/\/riedberggemeinde.de\/kita\/wp-json\/wp\/v2\/pages\/49","targetHints":{"allow":["GET"]}}],"collection":[{"href":"https:\/\/riedberggemeinde.de\/kita\/wp-json\/wp\/v2\/pages"}],"about":[{"href":"https:\/\/riedberggemeinde.de\/kita\/wp-json\/wp\/v2\/types\/page"}],"author":[{"embeddable":true,"href":"https:\/\/riedberggemeinde.de\/kita\/wp-json\/wp\/v2\/users\/5"}],"replies":[{"embeddable":true,"href":"https:\/\/riedberggemeinde.de\/kita\/wp-json\/wp\/v2\/comments?post=49"}],"version-history":[{"count":13,"href":"https:\/\/riedberggemeinde.de\/kita\/wp-json\/wp\/v2\/pages\/49\/revisions"}],"predecessor-version":[{"id":3328,"href":"https:\/\/riedberggemeinde.de\/kita\/wp-json\/wp\/v2\/pages\/49\/revisions\/3328"}],"up":[{"embeddable":true,"href":"https:\/\/riedberggemeinde.de\/kita\/wp-json\/wp\/v2\/pages\/16"}],"wp:attachment":[{"href":"https:\/\/riedberggemeinde.de\/kita\/wp-json\/wp\/v2\/media?parent=49"}],"curies":[{"name":"wp","href":"https:\/\/api.w.org\/{rel}","templated":true}]}}