{"id":51,"date":"2015-09-03T22:26:20","date_gmt":"2015-09-03T20:26:20","guid":{"rendered":"http:\/\/kita.riedberggemeinde.de\/?page_id=51"},"modified":"2022-02-11T15:21:47","modified_gmt":"2022-02-11T14:21:47","slug":"religionspaedagogisches-konzept","status":"publish","type":"page","link":"https:\/\/riedberggemeinde.de\/kita\/konzept\/religionspaedagogisches-konzept\/","title":{"rendered":"Religionsp\u00e4dagogisches Konzept"},"content":{"rendered":"\n<div class=\"wp-block-group has-background\" style=\"background-color:#ffffff\"><div class=\"wp-block-group__inner-container is-layout-flow wp-block-group-is-layout-flow\">\n<div class=\"wp-block-image\"><figure class=\"alignleft size-medium is-resized\"><a href=\"https:\/\/riedberggemeinde.de\/kita\/wp-content\/uploads\/2021\/03\/20210329_150246-scaled.jpg\"><img loading=\"lazy\" decoding=\"async\" src=\"https:\/\/riedberggemeinde.de\/kita\/wp-content\/uploads\/2021\/03\/20210329_150246-300x225.jpg\" alt=\"\" class=\"wp-image-2758\" width=\"427\" height=\"320\" srcset=\"https:\/\/riedberggemeinde.de\/kita\/wp-content\/uploads\/2021\/03\/20210329_150246-300x225.jpg 300w, https:\/\/riedberggemeinde.de\/kita\/wp-content\/uploads\/2021\/03\/20210329_150246-1024x768.jpg 1024w, https:\/\/riedberggemeinde.de\/kita\/wp-content\/uploads\/2021\/03\/20210329_150246-768x576.jpg 768w, https:\/\/riedberggemeinde.de\/kita\/wp-content\/uploads\/2021\/03\/20210329_150246-1536x1152.jpg 1536w, https:\/\/riedberggemeinde.de\/kita\/wp-content\/uploads\/2021\/03\/20210329_150246-2048x1536.jpg 2048w\" sizes=\"auto, (max-width: 427px) 100vw, 427px\" \/><\/a><\/figure><\/div>\n\n\n\n<p class=\"has-regular-font-size\">Die Kita versteht ihren religionsp\u00e4dagogischen Auftrag vor dem Hintergrund des christlichen Menschenbildes. Da die Einrichtung von Kindern unterschiedlicher Religionen besucht wird, flie\u00dft hierbei die Vielfalt von religi\u00f6ser Ausdrucksweise in die Arbeit ein. Religi\u00f6se Bildung setzt bei den Bed\u00fcrfnissen der Kinder an und unterst\u00fctzt gleichzeitig die Eltern bei einer werteorientierten Erziehung. Sie hilft dem Kind bei der Selbstwerdung und f\u00f6rdert seine Identit\u00e4tsfindung.<\/p>\n\n\n\n<p class=\"has-regular-font-size\">Wir legen Wert auf eine in den Alltag integrierte religionsp\u00e4dagogische Arbeit, die von Kindern und Eltern als Basis des Miteinanders erlebt wird. Wie wir in unserer p\u00e4dagogischen Arbeit mit den Kindern Religion ausleben, m\u00f6chten wir Ihnen anhand von Bildern mit biblischen Figuren n\u00e4herbringen.<\/p>\n\n\n\n<h3 class=\"wp-block-heading\" id=\"tagliche-tischgebete-vor-dem-mittagessen\">T\u00e4gliche Tischgebete vor dem Mittagessen<\/h3>\n\n\n\n<div class=\"wp-block-image is-style-default\"><figure class=\"alignright size-medium is-resized\"><a href=\"https:\/\/riedberggemeinde.de\/kita\/wp-content\/uploads\/2022\/01\/IMG_0550-scaled.jpg\"><img loading=\"lazy\" decoding=\"async\" src=\"https:\/\/riedberggemeinde.de\/kita\/wp-content\/uploads\/2022\/01\/IMG_0550-300x225.jpg\" alt=\"\" class=\"wp-image-2920\" width=\"360\" height=\"270\" srcset=\"https:\/\/riedberggemeinde.de\/kita\/wp-content\/uploads\/2022\/01\/IMG_0550-300x225.jpg 300w, https:\/\/riedberggemeinde.de\/kita\/wp-content\/uploads\/2022\/01\/IMG_0550-1024x768.jpg 1024w, https:\/\/riedberggemeinde.de\/kita\/wp-content\/uploads\/2022\/01\/IMG_0550-768x576.jpg 768w, https:\/\/riedberggemeinde.de\/kita\/wp-content\/uploads\/2022\/01\/IMG_0550-1536x1152.jpg 1536w, https:\/\/riedberggemeinde.de\/kita\/wp-content\/uploads\/2022\/01\/IMG_0550-2048x1536.jpg 2048w\" sizes=\"auto, (max-width: 360px) 100vw, 360px\" \/><\/a><\/figure><\/div>\n\n\n\n<p>Vor jedem Mittagessen beten wir gemeinsam mit den Kindern in der Krabbelstube und im Kindergarten. Dabei werden die H\u00e4nde gefaltet und gemeinsam das Tischgebet gesprochen. Im Kindergarten gibt es an jedem Wochentag ein neues Gebet. In der Krabbelstube gibt es nur ein Gebet. Die Kinder, die erst sprechen lernen, k\u00f6nnen dadurch das Gebet lernen und mitsprechen.<\/p>\n\n\n\n<h3 class=\"wp-block-heading\" id=\"kirchenbesuche\">Kirchenbesuche<\/h3>\n\n\n\n<div class=\"wp-block-image\"><figure class=\"alignleft size-medium is-resized\"><a href=\"https:\/\/riedberggemeinde.de\/kita\/wp-content\/uploads\/2022\/01\/IMG_0556-scaled.jpg\"><img loading=\"lazy\" decoding=\"async\" src=\"https:\/\/riedberggemeinde.de\/kita\/wp-content\/uploads\/2022\/01\/IMG_0556-300x225.jpg\" alt=\"\" class=\"wp-image-2921\" width=\"351\" height=\"263\" srcset=\"https:\/\/riedberggemeinde.de\/kita\/wp-content\/uploads\/2022\/01\/IMG_0556-300x225.jpg 300w, https:\/\/riedberggemeinde.de\/kita\/wp-content\/uploads\/2022\/01\/IMG_0556-1024x768.jpg 1024w, https:\/\/riedberggemeinde.de\/kita\/wp-content\/uploads\/2022\/01\/IMG_0556-768x576.jpg 768w, https:\/\/riedberggemeinde.de\/kita\/wp-content\/uploads\/2022\/01\/IMG_0556-1536x1152.jpg 1536w, https:\/\/riedberggemeinde.de\/kita\/wp-content\/uploads\/2022\/01\/IMG_0556-2048x1536.jpg 2048w\" sizes=\"auto, (max-width: 351px) 100vw, 351px\" \/><\/a><\/figure><\/div>\n\n\n\n<p>Die Kinder gehen einmal im Monat zu einem Gottesdienst in die Kirche der Riedberggemeinde, die sich direkt gegen\u00fcber von unserer Einrichtung befindet. Der Gottesdienst im Kindergarten wird von Pfarrerin Frau Emmerich gehalten. Die Krabbelstube f\u00fchrt ihre eigenen Gottesdienste durch. Daf\u00fcr sind die Erzieher zust\u00e4ndig. Pfarrerin Frau Emmerich ist dabei anwesend. Religi\u00f6se Geschichten werden anhand von Mitmachgeschichten dargestellt und es werden Lieder gesungen.<\/p>\n\n\n\n<h3 class=\"wp-block-heading\" id=\"religionspadagogik-in-der-kita\">Religionsp\u00e4dagogik in der Kita<\/h3>\n\n\n\n<div class=\"wp-block-image\"><figure class=\"alignright size-medium is-resized\"><a href=\"https:\/\/riedberggemeinde.de\/kita\/wp-content\/uploads\/2022\/01\/IMG_0560-scaled.jpg\"><img loading=\"lazy\" decoding=\"async\" src=\"https:\/\/riedberggemeinde.de\/kita\/wp-content\/uploads\/2022\/01\/IMG_0560-300x225.jpg\" alt=\"Sitzkreis um Noahs Arche\" class=\"wp-image-2922\" width=\"382\" height=\"287\" srcset=\"https:\/\/riedberggemeinde.de\/kita\/wp-content\/uploads\/2022\/01\/IMG_0560-300x225.jpg 300w, https:\/\/riedberggemeinde.de\/kita\/wp-content\/uploads\/2022\/01\/IMG_0560-1024x768.jpg 1024w, https:\/\/riedberggemeinde.de\/kita\/wp-content\/uploads\/2022\/01\/IMG_0560-768x576.jpg 768w, https:\/\/riedberggemeinde.de\/kita\/wp-content\/uploads\/2022\/01\/IMG_0560-1536x1152.jpg 1536w, https:\/\/riedberggemeinde.de\/kita\/wp-content\/uploads\/2022\/01\/IMG_0560-2048x1536.jpg 2048w\" sizes=\"auto, (max-width: 382px) 100vw, 382px\" \/><\/a><figcaption>Die Geschichte der Arche Noah<\/figcaption><\/figure><\/div>\n\n\n\n<p>Im Kindergarten, als auch in der Krabbelstube, wird einmal in der Woche Religionsp\u00e4dagogik f\u00fcr die Kinder angeboten. Dabei werden den Kindern biblische Geschichten anhand von Kamishibai (Erz\u00e4hltheater) oder den biblischen Figuren erz\u00e4hlt, das Singen religi\u00f6ser Lieder meist mit Gitarrenbegleitung ist dabei ein fester Bestandteil. Die Krabbelstube f\u00fchrt dies mit den jeweiligen Partnergruppen gemeinsam durch. Die Teilnahme an den w\u00f6chentlichen Angeboten im Kindergarten, ist aufgrund des offenen Konzeptes den Kindern freigestellt.<\/p>\n\n\n\n<h3 class=\"wp-block-heading\" id=\"gott-in-der-natur\">Gott in der Natur<\/h3>\n\n\n\n<div class=\"wp-block-image\"><figure class=\"alignleft is-resized\"><img loading=\"lazy\" decoding=\"async\" src=\"https:\/\/riedberggemeinde.de\/kita\/wp-content\/uploads\/2022\/01\/IMG_0598-300x225.jpg\" alt=\"\" class=\"wp-image-2924\" width=\"407\" height=\"305\" srcset=\"https:\/\/riedberggemeinde.de\/kita\/wp-content\/uploads\/2022\/01\/IMG_0598-300x225.jpg 300w, https:\/\/riedberggemeinde.de\/kita\/wp-content\/uploads\/2022\/01\/IMG_0598-1024x768.jpg 1024w, https:\/\/riedberggemeinde.de\/kita\/wp-content\/uploads\/2022\/01\/IMG_0598-768x576.jpg 768w, https:\/\/riedberggemeinde.de\/kita\/wp-content\/uploads\/2022\/01\/IMG_0598-1536x1152.jpg 1536w, https:\/\/riedberggemeinde.de\/kita\/wp-content\/uploads\/2022\/01\/IMG_0598-2048x1536.jpg 2048w\" sizes=\"auto, (max-width: 407px) 100vw, 407px\" \/><\/figure><\/div>\n\n\n\n<p>Die Kinder lernen im Kitaalltag durch Angebote Religion kennen. Bei Ausfl\u00fcgen und in unserem Garten, kommen die Kinder mit der Natur in Ber\u00fchrung und lernen diese bewusster wahrzunehmen. Lieder wie \u201cGott hat die Welt gemacht\u201d singen wir gemeinsam mit den Kindern und erkl\u00e4ren Ihnen im Anschluss die Bedeutung.<\/p>\n\n\n\n<h3 class=\"wp-block-heading\" id=\"feiern-christlicher-feste\">Feiern christlicher Feste<\/h3>\n\n\n\n<div class=\"wp-block-image\"><figure class=\"alignright is-resized\"><img loading=\"lazy\" decoding=\"async\" src=\"https:\/\/riedberggemeinde.de\/kita\/wp-content\/uploads\/2022\/01\/IMG_0570-300x225.jpg\" alt=\"\" class=\"wp-image-2923\" width=\"378\" height=\"284\" srcset=\"https:\/\/riedberggemeinde.de\/kita\/wp-content\/uploads\/2022\/01\/IMG_0570-300x225.jpg 300w, https:\/\/riedberggemeinde.de\/kita\/wp-content\/uploads\/2022\/01\/IMG_0570-1024x768.jpg 1024w, https:\/\/riedberggemeinde.de\/kita\/wp-content\/uploads\/2022\/01\/IMG_0570-768x576.jpg 768w, https:\/\/riedberggemeinde.de\/kita\/wp-content\/uploads\/2022\/01\/IMG_0570-1536x1152.jpg 1536w, https:\/\/riedberggemeinde.de\/kita\/wp-content\/uploads\/2022\/01\/IMG_0570-2048x1536.jpg 2048w\" sizes=\"auto, (max-width: 378px) 100vw, 378px\" \/><\/figure><\/div>\n\n\n\n<p>In unserer Einrichtung legen wir Wert auf das Feiern von religi\u00f6sen Festen, wie Ostern, Ernte Dank, unser j\u00e4hrliches Sommersfest, Sankt Martin, Nikolaus und Weihnachten. Diese feiern wir immer mit einem Gottesdienst und bieten Angebote und Projekte f\u00fcr die Kinder an. Viele dieser Feste feiern wir auch gemeinsam mit den Eltern. Die Kinder lernen durch die religi\u00f6sen Feste nicht nur die biblischen Geschichten n\u00e4her kennen, sondern auch das menschliche Miteinander, dass Jesu uns gelehrt hat.<\/p>\n\n\n\n<h3 class=\"wp-block-heading\" id=\"die-biblischen-figuren\">Die biblischen Figuren<\/h3>\n\n\n\n<div class=\"wp-block-image\"><figure class=\"alignleft size-medium is-resized\"><a href=\"https:\/\/riedberggemeinde.de\/kita\/wp-content\/uploads\/2022\/01\/IMG_0576-scaled.jpg\"><img loading=\"lazy\" decoding=\"async\" src=\"https:\/\/riedberggemeinde.de\/kita\/wp-content\/uploads\/2022\/01\/IMG_0576-300x225.jpg\" alt=\"\" class=\"wp-image-2925\" width=\"386\" height=\"290\" srcset=\"https:\/\/riedberggemeinde.de\/kita\/wp-content\/uploads\/2022\/01\/IMG_0576-300x225.jpg 300w, https:\/\/riedberggemeinde.de\/kita\/wp-content\/uploads\/2022\/01\/IMG_0576-1024x768.jpg 1024w, https:\/\/riedberggemeinde.de\/kita\/wp-content\/uploads\/2022\/01\/IMG_0576-768x576.jpg 768w, https:\/\/riedberggemeinde.de\/kita\/wp-content\/uploads\/2022\/01\/IMG_0576-1536x1152.jpg 1536w, https:\/\/riedberggemeinde.de\/kita\/wp-content\/uploads\/2022\/01\/IMG_0576-2048x1536.jpg 2048w\" sizes=\"auto, (max-width: 386px) 100vw, 386px\" \/><\/a><\/figure><\/div>\n\n\n\n<p>Gemeinsam mit den Eltern haben die Erzieher anhand eines Workshops die biblischen Figuren hergestellt. Die fertigen Figuren besitzen kein Gesicht, da sie emotionsneutral gehalten werden sollen, um verschiedene Situationen ohne Deutung darzustellen.<\/p>\n<\/div><\/div>\n","protected":false},"excerpt":{"rendered":"<p>Die Kita versteht ihren religionsp\u00e4dagogischen Auftrag vor dem Hintergrund des christlichen Menschenbildes. Da die Einrichtung von Kindern unterschiedlicher Religionen besucht wird, flie\u00dft hierbei die Vielfalt von religi\u00f6ser Ausdrucksweise in die Arbeit ein. Religi\u00f6se Bildung setzt bei den Bed\u00fcrfnissen der Kinder an und unterst\u00fctzt gleichzeitig die Eltern bei einer werteorientierten Erziehung. Sie hilft dem Kind bei der Selbstwerdung und f\u00f6rdert seine Identit\u00e4tsfindung. Wir legen Wert auf eine in den Alltag integrierte religionsp\u00e4dagogische Arbeit, die von Kindern und Eltern als Basis des Miteinanders erlebt wird. Wie wir in unserer p\u00e4dagogischen Arbeit mit den Kindern Religion ausleben, m\u00f6chten wir Ihnen anhand von Bildern mit biblischen Figuren n\u00e4herbringen. T\u00e4gliche Tischgebete vor dem Mittagessen Vor jedem Mittagessen beten wir gemeinsam mit den Kindern in der Krabbelstube und im Kindergarten. Dabei werden die H\u00e4nde gefaltet und gemeinsam das Tischgebet gesprochen. Im Kindergarten gibt es an jedem Wochentag ein neues Gebet. In der Krabbelstube gibt es nur ein Gebet. Die Kinder, die erst sprechen lernen, k\u00f6nnen dadurch das Gebet lernen und mitsprechen. Kirchenbesuche Die Kinder gehen einmal im Monat zu einem Gottesdienst in die Kirche der Riedberggemeinde, die sich direkt gegen\u00fcber von unserer Einrichtung befindet. Der Gottesdienst im Kindergarten wird von Pfarrerin Frau Emmerich gehalten. Die Krabbelstube f\u00fchrt ihre eigenen Gottesdienste durch. Daf\u00fcr sind die Erzieher zust\u00e4ndig. Pfarrerin Frau Emmerich ist dabei anwesend. Religi\u00f6se Geschichten werden anhand von Mitmachgeschichten dargestellt und es werden Lieder gesungen. Religionsp\u00e4dagogik in der Kita Im Kindergarten, als auch in der Krabbelstube, wird einmal in der Woche Religionsp\u00e4dagogik f\u00fcr die Kinder angeboten. Dabei werden den Kindern biblische Geschichten anhand von Kamishibai (Erz\u00e4hltheater) oder den biblischen Figuren erz\u00e4hlt, das Singen religi\u00f6ser Lieder meist mit Gitarrenbegleitung ist dabei ein fester Bestandteil. Die Krabbelstube f\u00fchrt dies mit den jeweiligen Partnergruppen gemeinsam durch. Die Teilnahme an den w\u00f6chentlichen Angeboten im Kindergarten, ist aufgrund des offenen Konzeptes den Kindern freigestellt. Gott in der Natur Die Kinder lernen im Kitaalltag durch Angebote Religion kennen. Bei Ausfl\u00fcgen und in unserem Garten, kommen die Kinder mit der Natur in Ber\u00fchrung und lernen diese bewusster wahrzunehmen. Lieder wie \u201cGott hat die Welt gemacht\u201d singen wir gemeinsam mit den Kindern und erkl\u00e4ren Ihnen im Anschluss die Bedeutung. Feiern christlicher Feste In unserer Einrichtung legen wir Wert auf das Feiern von religi\u00f6sen Festen, wie Ostern, Ernte Dank, unser j\u00e4hrliches Sommersfest, Sankt Martin, Nikolaus und Weihnachten. Diese feiern wir immer mit einem Gottesdienst und bieten Angebote und Projekte f\u00fcr die Kinder an. Viele dieser Feste feiern wir auch gemeinsam mit den Eltern. Die Kinder lernen durch die religi\u00f6sen Feste nicht nur die biblischen Geschichten n\u00e4her kennen, sondern auch das menschliche Miteinander, dass Jesu uns gelehrt hat. Die biblischen Figuren Gemeinsam mit den Eltern haben die Erzieher anhand eines Workshops die biblischen Figuren hergestellt. Die fertigen Figuren besitzen kein Gesicht, da sie emotionsneutral gehalten werden sollen, um verschiedene Situationen ohne Deutung darzustellen.<\/p>\n","protected":false},"author":5,"featured_media":0,"parent":16,"menu_order":0,"comment_status":"closed","ping_status":"closed","template":"","meta":{"_uag_custom_page_level_css":"","footnotes":""},"class_list":["post-51","page","type-page","status-publish","hentry"],"uagb_featured_image_src":{"full":false,"thumbnail":false,"medium":false,"medium_large":false,"large":false,"1536x1536":false,"2048x2048":false,"bard-slider-grid-thumbnail":false,"bard-full-thumbnail":false,"bard-grid-thumbnail":false,"bard-list-thumbnail":false,"bard-single-navigation":false},"uagb_author_info":{"display_name":"ev. KiTa der Riedberggemeinde","author_link":"https:\/\/riedberggemeinde.de\/kita\/author\/ev-kita-der-riedberggemeinde\/"},"uagb_comment_info":0,"uagb_excerpt":"Die Kita versteht ihren religionsp\u00e4dagogischen Auftrag vor dem Hintergrund des christlichen Menschenbildes. Da die Einrichtung von Kindern unterschiedlicher Religionen besucht wird, flie\u00dft hierbei die Vielfalt von religi\u00f6ser Ausdrucksweise in die Arbeit ein. Religi\u00f6se Bildung setzt bei den Bed\u00fcrfnissen der Kinder an und unterst\u00fctzt gleichzeitig die Eltern bei einer werteorientierten Erziehung. Sie hilft dem Kind bei&hellip;","acf":[],"_links":{"self":[{"href":"https:\/\/riedberggemeinde.de\/kita\/wp-json\/wp\/v2\/pages\/51","targetHints":{"allow":["GET"]}}],"collection":[{"href":"https:\/\/riedberggemeinde.de\/kita\/wp-json\/wp\/v2\/pages"}],"about":[{"href":"https:\/\/riedberggemeinde.de\/kita\/wp-json\/wp\/v2\/types\/page"}],"author":[{"embeddable":true,"href":"https:\/\/riedberggemeinde.de\/kita\/wp-json\/wp\/v2\/users\/5"}],"replies":[{"embeddable":true,"href":"https:\/\/riedberggemeinde.de\/kita\/wp-json\/wp\/v2\/comments?post=51"}],"version-history":[{"count":11,"href":"https:\/\/riedberggemeinde.de\/kita\/wp-json\/wp\/v2\/pages\/51\/revisions"}],"predecessor-version":[{"id":3017,"href":"https:\/\/riedberggemeinde.de\/kita\/wp-json\/wp\/v2\/pages\/51\/revisions\/3017"}],"up":[{"embeddable":true,"href":"https:\/\/riedberggemeinde.de\/kita\/wp-json\/wp\/v2\/pages\/16"}],"wp:attachment":[{"href":"https:\/\/riedberggemeinde.de\/kita\/wp-json\/wp\/v2\/media?parent=51"}],"curies":[{"name":"wp","href":"https:\/\/api.w.org\/{rel}","templated":true}]}}