{"id":53,"date":"2015-09-03T22:26:39","date_gmt":"2015-09-03T20:26:39","guid":{"rendered":"http:\/\/kita.riedberggemeinde.de\/?page_id=53"},"modified":"2025-10-20T10:55:57","modified_gmt":"2025-10-20T08:55:57","slug":"paedagogisches-konzept","status":"publish","type":"page","link":"https:\/\/riedberggemeinde.de\/kita\/konzept\/paedagogisches-konzept\/","title":{"rendered":"P\u00e4dagogisches Konzept"},"content":{"rendered":"\n<div class=\"wp-block-group has-background\" style=\"background-color:#ffffff\"><div class=\"wp-block-group__inner-container is-layout-flow wp-block-group-is-layout-flow\">\n<p class=\"has-regular-font-size\"><strong>In der Krabbelstube<\/strong>&nbsp;orientieren wir uns an dem p\u00e4dagogischen Ansatz der ungarischen Kinder\u00e4rztin Emmi Pikler. Die Bed\u00fcrfnisse und das Entwicklungspotential des Kindes werden respektiert. Seine Selbstst\u00e4ndigkeit und Autonomie in allen Bereichen gef\u00f6rdert.<br>Der p\u00e4dagogische Ansatz beruht auf drei S\u00e4ulen:<\/p>\n\n\n\n<ul class=\"wp-block-list\">\n<li>Beziehungsvolle Pflege<\/li>\n\n\n\n<li>Autonome Bewegungsentwicklung<\/li>\n\n\n\n<li>Freies Spiel<\/li>\n<\/ul>\n\n\n\n<p class=\"has-regular-font-size\">Der Ansatz l\u00e4sst sich im Verhalten der Fachkr\u00e4fte dem Kind gegen\u00fcber, in der Raumgestaltung und im Tagesablauf wiederfinden.<\/p>\n\n\n\n<p class=\"has-regular-font-size\"><strong>Im Kindergarten<\/strong>&nbsp;arbeiten wir nach dem offenen Konzept. Dieses erm\u00f6glicht den Kindern, sich in eigens gew\u00e4hlten Spielgruppen zu bewegen und selbst gew\u00e4hlten Aktivit\u00e4ten oder Interessen nachzugehen.<\/p>\n\n\n\n<p class=\"has-regular-font-size\">Die f\u00fcr die offene Arbeit bekannten Funktionsr\u00e4ume sind auch in unserer Einrichtung vorhanden:<\/p>\n\n\n\n<ul class=\"wp-block-list\">\n<li>Turn- und Bewegungsraum<\/li>\n\n\n\n<li>Werkraum<\/li>\n\n\n\n<li>Bauraum<\/li>\n\n\n\n<li>Spieleraum<\/li>\n\n\n\n<li>Rollenspielraum<\/li>\n\n\n\n<li>Ruheraum<\/li>\n\n\n\n<li>Kreativwerkstatt<\/li>\n\n\n\n<li>Bistro<\/li>\n\n\n\n<li>vielseitiges Au\u00dfengel\u00e4nde<\/li>\n\n\n\n<li>Kinderb\u00fccherei<\/li>\n<\/ul>\n\n\n\n<p class=\"has-regular-font-size\"><\/p>\n<\/div><\/div>\n","protected":false},"excerpt":{"rendered":"<p>In der Krabbelstube&nbsp;orientieren wir uns an dem p\u00e4dagogischen Ansatz der ungarischen Kinder\u00e4rztin Emmi Pikler. Die Bed\u00fcrfnisse und das Entwicklungspotential des Kindes werden respektiert. Seine Selbstst\u00e4ndigkeit und Autonomie in allen Bereichen gef\u00f6rdert.Der p\u00e4dagogische Ansatz beruht auf drei S\u00e4ulen: Der Ansatz l\u00e4sst sich im Verhalten der Fachkr\u00e4fte dem Kind gegen\u00fcber, in der Raumgestaltung und im Tagesablauf wiederfinden. Im Kindergarten&nbsp;arbeiten wir nach dem offenen Konzept. Dieses erm\u00f6glicht den Kindern, sich in eigens gew\u00e4hlten Spielgruppen zu bewegen und selbst gew\u00e4hlten Aktivit\u00e4ten oder Interessen nachzugehen. Die f\u00fcr die offene Arbeit bekannten Funktionsr\u00e4ume sind auch in unserer Einrichtung vorhanden:<\/p>\n","protected":false},"author":5,"featured_media":0,"parent":16,"menu_order":0,"comment_status":"closed","ping_status":"closed","template":"","meta":{"_uag_custom_page_level_css":"","footnotes":""},"class_list":["post-53","page","type-page","status-publish","hentry"],"uagb_featured_image_src":{"full":false,"thumbnail":false,"medium":false,"medium_large":false,"large":false,"1536x1536":false,"2048x2048":false,"bard-slider-grid-thumbnail":false,"bard-full-thumbnail":false,"bard-grid-thumbnail":false,"bard-list-thumbnail":false,"bard-single-navigation":false},"uagb_author_info":{"display_name":"ev. KiTa der Riedberggemeinde","author_link":"https:\/\/riedberggemeinde.de\/kita\/author\/ev-kita-der-riedberggemeinde\/"},"uagb_comment_info":0,"uagb_excerpt":"In der Krabbelstube&nbsp;orientieren wir uns an dem p\u00e4dagogischen Ansatz der ungarischen Kinder\u00e4rztin Emmi Pikler. Die Bed\u00fcrfnisse und das Entwicklungspotential des Kindes werden respektiert. Seine Selbstst\u00e4ndigkeit und Autonomie in allen Bereichen gef\u00f6rdert.Der p\u00e4dagogische Ansatz beruht auf drei S\u00e4ulen: Der Ansatz l\u00e4sst sich im Verhalten der Fachkr\u00e4fte dem Kind gegen\u00fcber, in der Raumgestaltung und im Tagesablauf wiederfinden.&hellip;","acf":[],"_links":{"self":[{"href":"https:\/\/riedberggemeinde.de\/kita\/wp-json\/wp\/v2\/pages\/53","targetHints":{"allow":["GET"]}}],"collection":[{"href":"https:\/\/riedberggemeinde.de\/kita\/wp-json\/wp\/v2\/pages"}],"about":[{"href":"https:\/\/riedberggemeinde.de\/kita\/wp-json\/wp\/v2\/types\/page"}],"author":[{"embeddable":true,"href":"https:\/\/riedberggemeinde.de\/kita\/wp-json\/wp\/v2\/users\/5"}],"replies":[{"embeddable":true,"href":"https:\/\/riedberggemeinde.de\/kita\/wp-json\/wp\/v2\/comments?post=53"}],"version-history":[{"count":10,"href":"https:\/\/riedberggemeinde.de\/kita\/wp-json\/wp\/v2\/pages\/53\/revisions"}],"predecessor-version":[{"id":3348,"href":"https:\/\/riedberggemeinde.de\/kita\/wp-json\/wp\/v2\/pages\/53\/revisions\/3348"}],"up":[{"embeddable":true,"href":"https:\/\/riedberggemeinde.de\/kita\/wp-json\/wp\/v2\/pages\/16"}],"wp:attachment":[{"href":"https:\/\/riedberggemeinde.de\/kita\/wp-json\/wp\/v2\/media?parent=53"}],"curies":[{"name":"wp","href":"https:\/\/api.w.org\/{rel}","templated":true}]}}