{"id":55,"date":"2015-09-03T22:26:50","date_gmt":"2015-09-03T20:26:50","guid":{"rendered":"http:\/\/kita.riedberggemeinde.de\/?page_id=55"},"modified":"2022-03-11T13:52:30","modified_gmt":"2022-03-11T12:52:30","slug":"tagesablauf-krabbelstube","status":"publish","type":"page","link":"https:\/\/riedberggemeinde.de\/kita\/konzept\/tagesablauf-krabbelstube\/","title":{"rendered":"Tagesablauf Krabbelstube"},"content":{"rendered":"\n<div class=\"wp-block-group has-background\" style=\"background-color:#ffffff\"><div class=\"wp-block-group__inner-container is-layout-flow wp-block-group-is-layout-flow\">\n<h4 class=\"wp-block-heading\" id=\"ab-7-30-bis-9-15-uhr-bringzeit\"><strong>ab 7:30 bis 9:15 Uhr: Bringzeit<\/strong><\/h4>\n\n\n\n<h4 class=\"wp-block-heading\" id=\"bis-8-30-uhr-fruhgruppe\"><strong>bis 8:30 Uhr: Fr\u00fchgruppe<\/strong><\/h4>\n\n\n\n<p>Die Kinder werden von vertrauten Personen betreut.<\/p>\n\n\n\n<h4 class=\"wp-block-heading\" id=\"von-8-30-bis-9-20-uhr-fruhstuck\"><strong>von 8:30 bis 9:20 Uhr: Fr\u00fchst\u00fcck<\/strong><\/h4>\n\n\n\n<p>Offenes Fr\u00fchst\u00fcck im Essbereich. Die Kinder haben die Wahl, ob sie fr\u00fchst\u00fccken m\u00f6chten.<\/p>\n\n\n\n<h4 class=\"wp-block-heading\" id=\"gegen-9-30-uhr-freispiel\"><strong>gegen 9:30 Uhr: Freispiel<\/strong><\/h4>\n\n\n\n<div class=\"wp-block-columns is-layout-flex wp-container-core-columns-is-layout-1 wp-block-columns-is-layout-flex\">\n<div class=\"wp-block-column is-layout-flow wp-block-column-is-layout-flow\"><\/div>\n<\/div>\n\n\n\n<div class=\"wp-block-columns is-layout-flex wp-container-core-columns-is-layout-2 wp-block-columns-is-layout-flex\">\n<div class=\"wp-block-column is-layout-flow wp-block-column-is-layout-flow\" style=\"flex-basis:66.66%\">\n<p>Verschiedene Aktivit\u00e4ten (Turnraum, gezielte Angebote, Ausfl\u00fcge in die Umgebung, Spielen im Garten oder Flurbereich etc.)<\/p>\n<\/div>\n\n\n\n<div class=\"wp-block-column is-layout-flow wp-block-column-is-layout-flow\" style=\"flex-basis:33.33%\"><\/div>\n<\/div>\n\n\n\n<h4 class=\"wp-block-heading\" id=\"ab-ca-11-uhr-mittagessen\"><strong>ab ca. 11 Uhr: Mittagessen<\/strong><\/h4>\n\n\n\n<p>Gemeinsames Mittagessen im Essbereich. <\/p>\n\n\n\n<div class=\"wp-block-columns is-layout-flex wp-container-core-columns-is-layout-3 wp-block-columns-is-layout-flex\">\n<div class=\"wp-block-column is-layout-flow wp-block-column-is-layout-flow\" style=\"flex-basis:33.33%\">\n<div class=\"wp-block-image\"><figure class=\"alignright is-resized\"><img loading=\"lazy\" decoding=\"async\" src=\"https:\/\/riedberggemeinde.de\/kita\/wp-content\/uploads\/2016\/04\/P1150594.jpg\" alt=\"\" class=\"wp-image-238\" width=\"250\" height=\"163\" srcset=\"https:\/\/riedberggemeinde.de\/kita\/wp-content\/uploads\/2016\/04\/P1150594.jpg 1000w, https:\/\/riedberggemeinde.de\/kita\/wp-content\/uploads\/2016\/04\/P1150594-300x195.jpg 300w, https:\/\/riedberggemeinde.de\/kita\/wp-content\/uploads\/2016\/04\/P1150594-768x499.jpg 768w, https:\/\/riedberggemeinde.de\/kita\/wp-content\/uploads\/2016\/04\/P1150594-100x65.jpg 100w, https:\/\/riedberggemeinde.de\/kita\/wp-content\/uploads\/2016\/04\/P1150594-150x98.jpg 150w, https:\/\/riedberggemeinde.de\/kita\/wp-content\/uploads\/2016\/04\/P1150594-200x130.jpg 200w, https:\/\/riedberggemeinde.de\/kita\/wp-content\/uploads\/2016\/04\/P1150594-450x293.jpg 450w, https:\/\/riedberggemeinde.de\/kita\/wp-content\/uploads\/2016\/04\/P1150594-600x390.jpg 600w, https:\/\/riedberggemeinde.de\/kita\/wp-content\/uploads\/2016\/04\/P1150594-900x585.jpg 900w\" sizes=\"auto, (max-width: 250px) 100vw, 250px\" \/><figcaption>Schlafraum<\/figcaption><\/figure><\/div>\n<\/div>\n\n\n\n<div class=\"wp-block-column is-layout-flow wp-block-column-is-layout-flow\" style=\"flex-basis:66.66%\">\n<h4 class=\"wp-block-heading\" id=\"ab-11-45-uhr-mittagsschlaf\"><strong>ab 11:45 Uhr: Mittagsschlaf<\/strong><\/h4>\n\n\n\n<p>Alle Kinder gehen zusammen in den Schlafraum, um sich auszuruhen. Kinder, die dabei nicht einschlafen, gehen mit der Fachkraft nach ca. einer halben Stunde wieder in den Gruppenraum und werden dort betreut.<\/p>\n<\/div>\n<\/div>\n\n\n\n<h4 class=\"wp-block-heading\" id=\"ab-13-45-uhr-imbiss\"><strong>ab 13:45 Uhr: Imbiss<\/strong><\/h4>\n\n\n\n<p>Die Kinder k\u00f6nnen frei w\u00e4hlen, ob sie einen Imbiss essen wollen.<\/p>\n\n\n\n<h4 class=\"wp-block-heading\" id=\"14-30-bis-17-uhr-freispielzeit-und-abholzeit\"><strong>14:30 bis 17 Uhr: Freispielzeit und Abholzeit<\/strong><\/h4>\n\n\n\n<p><\/p>\n\n\n\n<p><\/p>\n\n\n\n<p>Die individuelle Pflege der Kinder erfolgt mehrmals t\u00e4glich (Wickeln, H\u00e4nde waschen, Toiletteng\u00e4nge etc.).<\/p>\n<\/div><\/div>\n","protected":false},"excerpt":{"rendered":"<p>ab 7:30 bis 9:15 Uhr: Bringzeit bis 8:30 Uhr: Fr\u00fchgruppe Die Kinder werden von vertrauten Personen betreut. von 8:30 bis 9:20 Uhr: Fr\u00fchst\u00fcck Offenes Fr\u00fchst\u00fcck im Essbereich. Die Kinder haben die Wahl, ob sie fr\u00fchst\u00fccken m\u00f6chten. gegen 9:30 Uhr: Freispiel Verschiedene Aktivit\u00e4ten (Turnraum, gezielte Angebote, Ausfl\u00fcge in die Umgebung, Spielen im Garten oder Flurbereich etc.) ab ca. 11 Uhr: Mittagessen Gemeinsames Mittagessen im Essbereich. ab 11:45 Uhr: Mittagsschlaf Alle Kinder gehen zusammen in den Schlafraum, um sich auszuruhen. Kinder, die dabei nicht einschlafen, gehen mit der Fachkraft nach ca. einer halben Stunde wieder in den Gruppenraum und werden dort betreut. ab 13:45 Uhr: Imbiss Die Kinder k\u00f6nnen frei w\u00e4hlen, ob sie einen Imbiss essen wollen. 14:30 bis 17 Uhr: Freispielzeit und Abholzeit Die individuelle Pflege der Kinder erfolgt mehrmals t\u00e4glich (Wickeln, H\u00e4nde waschen, Toiletteng\u00e4nge etc.).<\/p>\n","protected":false},"author":5,"featured_media":0,"parent":16,"menu_order":0,"comment_status":"closed","ping_status":"closed","template":"","meta":{"_uag_custom_page_level_css":"","footnotes":""},"class_list":["post-55","page","type-page","status-publish","hentry"],"uagb_featured_image_src":{"full":false,"thumbnail":false,"medium":false,"medium_large":false,"large":false,"1536x1536":false,"2048x2048":false,"bard-slider-grid-thumbnail":false,"bard-full-thumbnail":false,"bard-grid-thumbnail":false,"bard-list-thumbnail":false,"bard-single-navigation":false},"uagb_author_info":{"display_name":"ev. KiTa der Riedberggemeinde","author_link":"https:\/\/riedberggemeinde.de\/kita\/author\/ev-kita-der-riedberggemeinde\/"},"uagb_comment_info":0,"uagb_excerpt":"ab 7:30 bis 9:15 Uhr: Bringzeit bis 8:30 Uhr: Fr\u00fchgruppe Die Kinder werden von vertrauten Personen betreut. von 8:30 bis 9:20 Uhr: Fr\u00fchst\u00fcck Offenes Fr\u00fchst\u00fcck im Essbereich. Die Kinder haben die Wahl, ob sie fr\u00fchst\u00fccken m\u00f6chten. gegen 9:30 Uhr: Freispiel Verschiedene Aktivit\u00e4ten (Turnraum, gezielte Angebote, Ausfl\u00fcge in die Umgebung, Spielen im Garten oder Flurbereich etc.)&hellip;","acf":[],"_links":{"self":[{"href":"https:\/\/riedberggemeinde.de\/kita\/wp-json\/wp\/v2\/pages\/55","targetHints":{"allow":["GET"]}}],"collection":[{"href":"https:\/\/riedberggemeinde.de\/kita\/wp-json\/wp\/v2\/pages"}],"about":[{"href":"https:\/\/riedberggemeinde.de\/kita\/wp-json\/wp\/v2\/types\/page"}],"author":[{"embeddable":true,"href":"https:\/\/riedberggemeinde.de\/kita\/wp-json\/wp\/v2\/users\/5"}],"replies":[{"embeddable":true,"href":"https:\/\/riedberggemeinde.de\/kita\/wp-json\/wp\/v2\/comments?post=55"}],"version-history":[{"count":22,"href":"https:\/\/riedberggemeinde.de\/kita\/wp-json\/wp\/v2\/pages\/55\/revisions"}],"predecessor-version":[{"id":3115,"href":"https:\/\/riedberggemeinde.de\/kita\/wp-json\/wp\/v2\/pages\/55\/revisions\/3115"}],"up":[{"embeddable":true,"href":"https:\/\/riedberggemeinde.de\/kita\/wp-json\/wp\/v2\/pages\/16"}],"wp:attachment":[{"href":"https:\/\/riedberggemeinde.de\/kita\/wp-json\/wp\/v2\/media?parent=55"}],"curies":[{"name":"wp","href":"https:\/\/api.w.org\/{rel}","templated":true}]}}