{"id":57,"date":"2015-09-03T22:27:03","date_gmt":"2015-09-03T20:27:03","guid":{"rendered":"http:\/\/kita.riedberggemeinde.de\/?page_id=57"},"modified":"2023-04-17T08:43:25","modified_gmt":"2023-04-17T06:43:25","slug":"tagesablauf-kindergarten","status":"publish","type":"page","link":"https:\/\/riedberggemeinde.de\/kita\/konzept\/tagesablauf-kindergarten\/","title":{"rendered":"Tagesablauf Kindergarten"},"content":{"rendered":"\n<div class=\"wp-block-group has-background\" style=\"background-color:#ffffff\"><div class=\"wp-block-group__inner-container is-layout-flow wp-block-group-is-layout-flow\">\n<h4 class=\"wp-block-heading\" id=\"7-30-uhr-bis-9-uhr-bringzeit\"><strong>7:30 bis 9:00 Uhr: Bringzeit<\/strong><\/h4>\n\n\n\n<p>Die Kinder werden im Eingangsbereich des Kindergartens von einer Fachkraft begr\u00fc\u00dft. Sie haben die M\u00f6glichkeit in den verschiedenen Bildungsr\u00e4umen zu spielen.<\/p>\n\n\n\n<h4 class=\"wp-block-heading\" id=\"8-uhr-bis-9-uhr-fruhstucksbuffet-im-bistro\"><strong>8:00 bis 9:00 Uhr: Fr\u00fchst\u00fccksbuffet im Bistro<\/strong><\/h4>\n\n\n\n<h4 class=\"wp-block-heading\" id=\"7-30-uhr-bis-9-15-uhr-freispielzeit-gezielte-angebote\"><strong>7:30 bis 9:15 Uhr: Freispielzeit \/ gezielte Angebote<\/strong><\/h4>\n\n\n\n<p>Gezielte Angebote mit den Fachkr\u00e4ften in den Bildungsr\u00e4umen.<\/p>\n\n\n\n<h4 class=\"wp-block-heading\" id=\"9-15-bis-ca-9-30-uhr-morgenkreis\"><strong>9:15 bis ca. 9:30 Uhr: Morgenkreis <\/strong><\/h4>\n\n\n\n<p>Die Kinder treffen sich in Gruppenr\u00e4umen. Inhalte des Morgenkreis sind: Begr\u00fc\u00dfungsritual (Lied), Anwesenheitsliste, Kreis- oder Fingerspiele, Erz\u00e4hlrunde, Geschichten, Vorstellung und Einw\u00e4hlung der Angebote in den Bildungsr\u00e4umen.<\/p>\n\n\n\n<h4 class=\"wp-block-heading\" id=\"ab-9-30-uhr-freispielzeit-in-den-bildungsraumen\"><strong>Ab 9:30 Uhr: Freispielzeit in den Bildungsr\u00e4umen<\/strong><\/h4>\n\n\n\n<p>In dieser Zeit finden (im Wechsel) verschiedene Angebote statt:<\/p>\n\n\n<div class=\"wp-block-image\">\n<figure class=\"alignright size-large is-resized\"><a href=\"https:\/\/riedberggemeinde.de\/kita\/wp-content\/uploads\/2022\/02\/P1010674-2.jpg\"><img loading=\"lazy\" decoding=\"async\" src=\"https:\/\/riedberggemeinde.de\/kita\/wp-content\/uploads\/2022\/02\/P1010674-2-1024x945.jpg\" alt=\"\" class=\"wp-image-3053\" width=\"248\" height=\"228\" srcset=\"https:\/\/riedberggemeinde.de\/kita\/wp-content\/uploads\/2022\/02\/P1010674-2-1024x945.jpg 1024w, https:\/\/riedberggemeinde.de\/kita\/wp-content\/uploads\/2022\/02\/P1010674-2-300x277.jpg 300w, https:\/\/riedberggemeinde.de\/kita\/wp-content\/uploads\/2022\/02\/P1010674-2-768x709.jpg 768w, https:\/\/riedberggemeinde.de\/kita\/wp-content\/uploads\/2022\/02\/P1010674-2-1160x1071.jpg 1160w, https:\/\/riedberggemeinde.de\/kita\/wp-content\/uploads\/2022\/02\/P1010674-2.jpg 1520w\" sizes=\"auto, (max-width: 248px) 100vw, 248px\" \/><\/a><figcaption class=\"wp-element-caption\">Bauraum<\/figcaption><\/figure><\/div>\n\n\n<ul class=\"wp-block-list\">\n<li>Montag\n<ul class=\"wp-block-list\">\n<li>Turnangebot<\/li>\n<\/ul>\n<\/li>\n<\/ul>\n\n\n\n<ul class=\"wp-block-list\">\n<li>Dienstag\n<ul class=\"wp-block-list\">\n<li>Religionsp\u00e4dagogik<\/li>\n\n\n\n<li>Kinderkirche (1x monatlich)<\/li>\n\n\n\n<li>Vorschularbeit<\/li>\n<\/ul>\n<\/li>\n\n\n\n<li>Mittwoch\n<ul class=\"wp-block-list\">\n<li>Offene Angebote<\/li>\n<\/ul>\n<\/li>\n\n\n\n<li>Donnerstag\n<ul class=\"wp-block-list\">\n<li>Musikalische Fr\u00fcherziehung (Musikschule Mia)<\/li>\n\n\n\n<li>Singen im Altenheim Bettinahof&nbsp;(1x monatlich)<\/li>\n<\/ul>\n<\/li>\n\n\n\n<li>Freitag\n<ul class=\"wp-block-list\">\n<li>Bewegungsangebot (TSV Bonames)<\/li>\n<\/ul>\n<\/li>\n<\/ul>\n\n\n\n<p>Hinzu kommen noch weitere Aktivit\u00e4ten wie zum Beispiel die Koch AG, Ausfl\u00fcge u.v.m.<\/p>\n\n\n\n<h4 class=\"wp-block-heading\" id=\"11-uhr-bis-11-45-uhr-freispielzeit-im-garten\"><strong>11:00 bis 13:30 Uhr: Freispielzeit im Garten<\/strong><\/h4>\n\n\n<div class=\"wp-block-image\">\n<figure class=\"aligncenter is-resized\"><img loading=\"lazy\" decoding=\"async\" src=\"https:\/\/riedberggemeinde.de\/kita\/wp-content\/uploads\/2016\/02\/PA238160.jpg\" alt=\"\" class=\"wp-image-196\" width=\"250\" height=\"163\" srcset=\"https:\/\/riedberggemeinde.de\/kita\/wp-content\/uploads\/2016\/02\/PA238160.jpg 1000w, https:\/\/riedberggemeinde.de\/kita\/wp-content\/uploads\/2016\/02\/PA238160-300x195.jpg 300w, https:\/\/riedberggemeinde.de\/kita\/wp-content\/uploads\/2016\/02\/PA238160-768x499.jpg 768w, https:\/\/riedberggemeinde.de\/kita\/wp-content\/uploads\/2016\/02\/PA238160-100x65.jpg 100w, https:\/\/riedberggemeinde.de\/kita\/wp-content\/uploads\/2016\/02\/PA238160-150x98.jpg 150w, https:\/\/riedberggemeinde.de\/kita\/wp-content\/uploads\/2016\/02\/PA238160-200x130.jpg 200w, https:\/\/riedberggemeinde.de\/kita\/wp-content\/uploads\/2016\/02\/PA238160-450x293.jpg 450w, https:\/\/riedberggemeinde.de\/kita\/wp-content\/uploads\/2016\/02\/PA238160-600x390.jpg 600w, https:\/\/riedberggemeinde.de\/kita\/wp-content\/uploads\/2016\/02\/PA238160-900x585.jpg 900w\" sizes=\"auto, (max-width: 250px) 100vw, 250px\" \/><figcaption class=\"wp-element-caption\"> Au\u00dfengel\u00e4nde<\/figcaption><\/figure><\/div>\n\n\n<h4 class=\"wp-block-heading\" id=\"12-uhr-mittagessen\"><strong>11:30 bis 13:00 Uhr: Mittagessen<\/strong><\/h4>\n\n\n\n<p>Wir legen Wert auf eine ruhige und angenehme Essenssituation und essen in drei Essensgruppen. Die Kinder k\u00f6nnen sich selbst in die Gruppen einw\u00e4hlen. Nach dem Mittagessen putzen die Kinder ihre Z\u00e4hne.<\/p>\n\n\n\n<h4 class=\"wp-block-heading\" id=\"13-bis-13-30-uhr-ruhezeit\"><strong>13:15 bis 13:45 Uhr: Ruhezeit<\/strong><\/h4>\n\n\n\n<p>In dieser Zeit findet in kleinen Gruppen ein ruhiges Angebot statt. Meist wird ein Bilderbuch vorlesen oder eine Kamishibai Geschichte vorgetragen, gelegentlich wird ein H\u00f6rspiel oder ein M\u00e4rchen angeh\u00f6rt.<\/p>\n\n\n\n<h4 class=\"wp-block-heading\" id=\"13-30-bis-15-uhr-freispielzeit\"><strong>13:45 bis 15:00 Uhr: Freispielzeit<\/strong><\/h4>\n\n\n\n<p>verschiedene Angebote in den Bildungsr\u00e4umen<\/p>\n\n\n\n<h4 class=\"wp-block-heading\" id=\"14-bis-15-uhr-offener-imbiss-im-bistro\"><strong>14:00 bis 14:45 Uhr: Offener Imbiss im Bistro<br><\/strong><\/h4>\n\n\n\n<h4 class=\"wp-block-heading\" id=\"15-bis-17-uhr-freispielzeit-im-garten\"><strong>15:00 bis 17:00 Uhr: \u00a0Freispielzeit im Garten<\/strong><\/h4>\n<\/div><\/div>\n","protected":false},"excerpt":{"rendered":"<p>7:30 bis 9:00 Uhr: Bringzeit Die Kinder werden im Eingangsbereich des Kindergartens von einer Fachkraft begr\u00fc\u00dft. Sie haben die M\u00f6glichkeit in den verschiedenen Bildungsr\u00e4umen zu spielen. 8:00 bis 9:00 Uhr: Fr\u00fchst\u00fccksbuffet im Bistro 7:30 bis 9:15 Uhr: Freispielzeit \/ gezielte Angebote Gezielte Angebote mit den Fachkr\u00e4ften in den Bildungsr\u00e4umen. 9:15 bis ca. 9:30 Uhr: Morgenkreis Die Kinder treffen sich in Gruppenr\u00e4umen. Inhalte des Morgenkreis sind: Begr\u00fc\u00dfungsritual (Lied), Anwesenheitsliste, Kreis- oder Fingerspiele, Erz\u00e4hlrunde, Geschichten, Vorstellung und Einw\u00e4hlung der Angebote in den Bildungsr\u00e4umen. Ab 9:30 Uhr: Freispielzeit in den Bildungsr\u00e4umen In dieser Zeit finden (im Wechsel) verschiedene Angebote statt: Hinzu kommen noch weitere Aktivit\u00e4ten wie zum Beispiel die Koch AG, Ausfl\u00fcge u.v.m. 11:00 bis 13:30 Uhr: Freispielzeit im Garten 11:30 bis 13:00 Uhr: Mittagessen Wir legen Wert auf eine ruhige und angenehme Essenssituation und essen in drei Essensgruppen. Die Kinder k\u00f6nnen sich selbst in die Gruppen einw\u00e4hlen. Nach dem Mittagessen putzen die Kinder ihre Z\u00e4hne. 13:15 bis 13:45 Uhr: Ruhezeit In dieser Zeit findet in kleinen Gruppen ein ruhiges Angebot statt. Meist wird ein Bilderbuch vorlesen oder eine Kamishibai Geschichte vorgetragen, gelegentlich wird ein H\u00f6rspiel oder ein M\u00e4rchen angeh\u00f6rt. 13:45 bis 15:00 Uhr: Freispielzeit verschiedene Angebote in den Bildungsr\u00e4umen 14:00 bis 14:45 Uhr: Offener Imbiss im Bistro 15:00 bis 17:00 Uhr: \u00a0Freispielzeit im Garten<\/p>\n","protected":false},"author":5,"featured_media":0,"parent":16,"menu_order":0,"comment_status":"closed","ping_status":"closed","template":"","meta":{"_uag_custom_page_level_css":"","footnotes":""},"class_list":["post-57","page","type-page","status-publish","hentry"],"uagb_featured_image_src":{"full":false,"thumbnail":false,"medium":false,"medium_large":false,"large":false,"1536x1536":false,"2048x2048":false,"bard-slider-grid-thumbnail":false,"bard-full-thumbnail":false,"bard-grid-thumbnail":false,"bard-list-thumbnail":false,"bard-single-navigation":false},"uagb_author_info":{"display_name":"ev. KiTa der Riedberggemeinde","author_link":"https:\/\/riedberggemeinde.de\/kita\/author\/ev-kita-der-riedberggemeinde\/"},"uagb_comment_info":0,"uagb_excerpt":"7:30 bis 9:00 Uhr: Bringzeit Die Kinder werden im Eingangsbereich des Kindergartens von einer Fachkraft begr\u00fc\u00dft. Sie haben die M\u00f6glichkeit in den verschiedenen Bildungsr\u00e4umen zu spielen. 8:00 bis 9:00 Uhr: Fr\u00fchst\u00fccksbuffet im Bistro 7:30 bis 9:15 Uhr: Freispielzeit \/ gezielte Angebote Gezielte Angebote mit den Fachkr\u00e4ften in den Bildungsr\u00e4umen. 9:15 bis ca. 9:30 Uhr: Morgenkreis&hellip;","acf":[],"_links":{"self":[{"href":"https:\/\/riedberggemeinde.de\/kita\/wp-json\/wp\/v2\/pages\/57","targetHints":{"allow":["GET"]}}],"collection":[{"href":"https:\/\/riedberggemeinde.de\/kita\/wp-json\/wp\/v2\/pages"}],"about":[{"href":"https:\/\/riedberggemeinde.de\/kita\/wp-json\/wp\/v2\/types\/page"}],"author":[{"embeddable":true,"href":"https:\/\/riedberggemeinde.de\/kita\/wp-json\/wp\/v2\/users\/5"}],"replies":[{"embeddable":true,"href":"https:\/\/riedberggemeinde.de\/kita\/wp-json\/wp\/v2\/comments?post=57"}],"version-history":[{"count":23,"href":"https:\/\/riedberggemeinde.de\/kita\/wp-json\/wp\/v2\/pages\/57\/revisions"}],"predecessor-version":[{"id":3221,"href":"https:\/\/riedberggemeinde.de\/kita\/wp-json\/wp\/v2\/pages\/57\/revisions\/3221"}],"up":[{"embeddable":true,"href":"https:\/\/riedberggemeinde.de\/kita\/wp-json\/wp\/v2\/pages\/16"}],"wp:attachment":[{"href":"https:\/\/riedberggemeinde.de\/kita\/wp-json\/wp\/v2\/media?parent=57"}],"curies":[{"name":"wp","href":"https:\/\/api.w.org\/{rel}","templated":true}]}}