{"id":65,"date":"2015-09-03T22:31:57","date_gmt":"2015-09-03T20:31:57","guid":{"rendered":"http:\/\/kita.riedberggemeinde.de\/?page_id=65"},"modified":"2025-01-24T18:07:18","modified_gmt":"2025-01-24T17:07:18","slug":"impressum","status":"publish","type":"page","link":"https:\/\/riedberggemeinde.de\/kita\/impressum\/","title":{"rendered":"Impressum"},"content":{"rendered":"\n<p>Kindertagesst\u00e4tte Riedberg<br>Margarete-Susman-Weg 2<br>60438 Frankfurt am Main<\/p>\n\n\n\n<p>Telefon: 069-53053702<br>E-Mail: <a href=\"mailto:kita.riedberg@diakonie-frankfurt-offenbach.de\">kita.riedberg@diakonie-frankfurt-offenbach.de<\/a><\/p>\n\n\n\n<p><strong>Inhaltlich Verantwortliche:<\/strong> Annette Buchmann<\/p>\n\n\n\n<p><strong>Haftungsausschluss:<\/strong> Trotz sorgf\u00e4ltiger inhaltlicher Kontrolle \u00fcbernehmen wir keine Haftung f\u00fcr die Inhalte externer Links. F\u00fcr den Inhalt der verlinkten Seiten sind ausschlie\u00dflich deren Betreiber verantwortlich. Die Texte, Fotos und Grafiken auf dieser Website sind urheberrechtlich gesch\u00fctzt; falls nicht anders angegeben, liegen die Rechte bei der Evangelische Kindertagesst\u00e4tte der Riedberggemeinde.<\/p>\n","protected":false},"excerpt":{"rendered":"<p>Kindertagesst\u00e4tte RiedbergMargarete-Susman-Weg 260438 Frankfurt am Main Telefon: 069-53053702E-Mail: kita.riedberg@diakonie-frankfurt-offenbach.de Inhaltlich Verantwortliche: Annette Buchmann Haftungsausschluss: Trotz sorgf\u00e4ltiger inhaltlicher Kontrolle \u00fcbernehmen wir keine Haftung f\u00fcr die Inhalte externer Links. F\u00fcr den Inhalt der verlinkten Seiten sind ausschlie\u00dflich deren Betreiber verantwortlich. Die Texte, Fotos und Grafiken auf dieser Website sind urheberrechtlich gesch\u00fctzt; falls nicht anders angegeben, liegen die Rechte bei der Evangelische Kindertagesst\u00e4tte der Riedberggemeinde.<\/p>\n","protected":false},"author":5,"featured_media":0,"parent":0,"menu_order":0,"comment_status":"closed","ping_status":"closed","template":"","meta":{"_uag_custom_page_level_css":"","footnotes":""},"class_list":["post-65","page","type-page","status-publish","hentry"],"uagb_featured_image_src":{"full":false,"thumbnail":false,"medium":false,"medium_large":false,"large":false,"1536x1536":false,"2048x2048":false,"bard-slider-grid-thumbnail":false,"bard-full-thumbnail":false,"bard-grid-thumbnail":false,"bard-list-thumbnail":false,"bard-single-navigation":false},"uagb_author_info":{"display_name":"ev. KiTa der Riedberggemeinde","author_link":"https:\/\/riedberggemeinde.de\/kita\/author\/ev-kita-der-riedberggemeinde\/"},"uagb_comment_info":0,"uagb_excerpt":"Kindertagesst\u00e4tte RiedbergMargarete-Susman-Weg 260438 Frankfurt am Main Telefon: 069-53053702E-Mail: kita.riedberg@diakonie-frankfurt-offenbach.de Inhaltlich Verantwortliche: Annette Buchmann Haftungsausschluss: Trotz sorgf\u00e4ltiger inhaltlicher Kontrolle \u00fcbernehmen wir keine Haftung f\u00fcr die Inhalte externer Links. F\u00fcr den Inhalt der verlinkten Seiten sind ausschlie\u00dflich deren Betreiber verantwortlich. Die Texte, Fotos und Grafiken auf dieser Website sind urheberrechtlich gesch\u00fctzt; falls nicht anders angegeben, liegen die&hellip;","acf":[],"_links":{"self":[{"href":"https:\/\/riedberggemeinde.de\/kita\/wp-json\/wp\/v2\/pages\/65","targetHints":{"allow":["GET"]}}],"collection":[{"href":"https:\/\/riedberggemeinde.de\/kita\/wp-json\/wp\/v2\/pages"}],"about":[{"href":"https:\/\/riedberggemeinde.de\/kita\/wp-json\/wp\/v2\/types\/page"}],"author":[{"embeddable":true,"href":"https:\/\/riedberggemeinde.de\/kita\/wp-json\/wp\/v2\/users\/5"}],"replies":[{"embeddable":true,"href":"https:\/\/riedberggemeinde.de\/kita\/wp-json\/wp\/v2\/comments?post=65"}],"version-history":[{"count":12,"href":"https:\/\/riedberggemeinde.de\/kita\/wp-json\/wp\/v2\/pages\/65\/revisions"}],"predecessor-version":[{"id":3296,"href":"https:\/\/riedberggemeinde.de\/kita\/wp-json\/wp\/v2\/pages\/65\/revisions\/3296"}],"wp:attachment":[{"href":"https:\/\/riedberggemeinde.de\/kita\/wp-json\/wp\/v2\/media?parent=65"}],"curies":[{"name":"wp","href":"https:\/\/api.w.org\/{rel}","templated":true}]}}